{"id":54,"date":"2018-04-13T12:44:19","date_gmt":"2018-04-13T12:44:19","guid":{"rendered":"http:\/\/eagle.com.br\/blog\/"},"modified":"2022-04-29T13:37:34","modified_gmt":"2022-04-29T16:37:34","slug":"blog","status":"publish","type":"page","link":"https:\/\/eagle.com.br\/en_us\/blog\/","title":{"rendered":"Blog"},"content":{"rendered":"<p><div class=\"fusion-fullwidth fullwidth-box fusion-builder-row-1 fusion-parallax-none nonhundred-percent-fullwidth non-hundred-percent-height-scrolling\" style=\"--awb-border-sizes-top:0px;--awb-border-sizes-bottom:0px;--awb-border-sizes-left:0px;--awb-border-sizes-right:0px;--awb-border-radius-top-left:0px;--awb-border-radius-top-right:0px;--awb-border-radius-bottom-right:0px;--awb-border-radius-bottom-left:0px;--awb-padding-top:11%;--awb-padding-right:8%;--awb-padding-bottom:10%;--awb-padding-left:8%;--awb-background-image:url(&quot;https:\/\/eagle.com.br\/wp-content\/uploads\/qual-e-o-saxofone-mais-indicado-para-comecar-a-tocar-destaque.jpg&quot;);--awb-background-size:cover;--awb-flex-wrap:wrap;\" ><div class=\"fusion-builder-row fusion-row\"><div class=\"fusion-layout-column fusion_builder_column fusion-builder-column-0 fusion_builder_column_3_5 3_5 fusion-three-fifth fusion-column-first\" style=\"--awb-padding-right:15px;--awb-padding-left:15px;--awb-bg-size:cover;--awb-margin-top:20px;width:58.4%; margin-right: 4%;\"><div class=\"fusion-column-wrapper fusion-column-has-shadow fusion-flex-column-wrapper-legacy\"><div class=\"fusion-title title fusion-title-1 fusion-sep-none fusion-title-text fusion-title-size-two\" style=\"--awb-margin-top-small:0px;--awb-margin-right-small:0px;--awb-margin-bottom-small:20px;--awb-margin-left-small:0px;\"><h2 class=\"fusion-title-heading title-heading-left\" style=\"margin:0;\"><span style=\"color: #ffffff;\">Qual \u00e9 o saxofone mais indicado para come\u00e7ar a tocar?<\/span><\/h2><\/div><div class=\"fusion-text fusion-text-1\"><p><span style=\"color: #ffffff;\">\u00c9 muito dif\u00edcil tocar saxofone? Qual \u00e9 o melhor tipo para iniciar? Procuramos responder essas e outras perguntas aqui.<\/span><\/p>\n<\/div><div class=\"fusion-sep-clear\"><\/div><div class=\"fusion-separator fusion-full-width-sep\" style=\"margin-left: auto;margin-right: auto;margin-top:10px;width:100%;\"><\/div><div class=\"fusion-sep-clear\"><\/div><div class=\"fusion-button-wrapper\"><a class=\"fusion-button button-flat button-medium button-default fusion-button-default button-1 fusion-button-default-span fusion-button-default-type\" target=\"_self\" href=\"https:\/\/eagle.com.br\/blog_post\/qual-e-o-saxofone-mais-indicado-para-comecar-a-tocar\/\"><span class=\"fusion-button-text awb-button__text awb-button__text--default\">Leia mais<\/span><i class=\"fa-angle-right fas awb-button__icon awb-button__icon--default button-icon-right\" aria-hidden=\"true\"><\/i><\/a><\/div><div class=\"fusion-clearfix\"><\/div><\/div><\/div><div class=\"fusion-layout-column fusion_builder_column fusion-builder-column-1 fusion_builder_column_2_5 2_5 fusion-two-fifth fusion-column-last fusion-no-small-visibility\" style=\"--awb-bg-size:cover;width:37.6%;\"><div class=\"fusion-column-wrapper fusion-flex-column-wrapper-legacy\"><div class=\"fusion-clearfix\"><\/div><\/div><\/div><\/div><\/div><div class=\"fusion-fullwidth fullwidth-box fusion-builder-row-2 nonhundred-percent-fullwidth non-hundred-percent-height-scrolling\" style=\"--awb-background-position:left top;--awb-border-sizes-top:0px;--awb-border-sizes-bottom:0px;--awb-border-sizes-left:0px;--awb-border-sizes-right:0px;--awb-border-radius-top-left:0px;--awb-border-radius-top-right:0px;--awb-border-radius-bottom-right:0px;--awb-border-radius-bottom-left:0px;--awb-padding-top:40px;--awb-padding-bottom:0px;--awb-flex-wrap:wrap;\" ><div class=\"fusion-builder-row fusion-row\"><div class=\"fusion-layout-column fusion_builder_column fusion-builder-column-2 fusion_builder_column_1_1 1_1 fusion-one-full fusion-column-first fusion-column-last fusion-column-no-min-height\" style=\"--awb-bg-size:cover;--awb-margin-bottom:0px;\"><div class=\"fusion-column-wrapper fusion-flex-column-wrapper-legacy\"><div class=\"fusion-blog-shortcode fusion-blog-shortcode-20 fusion-blog-archive fusion-blog-layout-grid-wrapper fusion-blog-infinite\"><style type=\"text\/css\">.fusion-blog-shortcode-20 .fusion-blog-layout-grid .fusion-post-grid{padding:20px;}.fusion-blog-shortcode-20 .fusion-posts-container{margin-left: -20px !important; margin-right:-20px !important;}<\/style><div class=\"fusion-posts-container fusion-posts-container-infinite fusion-posts-container-load-more fusion-no-meta-info fusion-blog-layout-grid fusion-blog-layout-grid-3 isotope\" data-pages=\"1\" data-grid-col-space=\"40\" style=\"margin: -20px -20px 0;min-height:500px;\"><article id=\"blog-20-post-8289\" class=\"post type-post format-standard fusion-post-grid post-8289 blog_post type-blog_post status-publish has-post-thumbnail hentry blog_category-dicas-e-cuidados blog_category-instrumentos-de-sopro\">\n<div class=\"fusion-post-wrapper\" style=\"background-color:rgba(233,30,99,0);border:1px solid #ebeaea;border-bottom-width:3px;\">\n\n\t\t\t<div class=\"fusion-flexslider flexslider fusion-flexslider-loading fusion-post-slideshow\" style=\"border-color:#ebeaea;\">\n\t\t<ul class=\"slides\">\n\t\t\t\n\t\t\t\t\t\t\t\t\t\t\t\t\t\t<li><div  class=\"fusion-image-wrapper\" aria-haspopup=\"true\">\n\t\t\t\t\t\t\t<a href=\"https:\/\/eagle.com.br\/en_us\/blog_post\/como-escolher-uma-boa-abracadeira\/\" aria-label=\"Como escolher uma boa abra\u00e7adeira? Ela pode realmente influenciar a sonoridade?\">\n\t\t\t\t\t\t\t<img decoding=\"async\" width=\"1920\" height=\"1345\" src=\"https:\/\/eagle.com.br\/wp-content\/uploads\/como-escolher-uma-boa-abracadeira.jpg\" class=\"attachment-full size-full wp-post-image\" alt=\"\" srcset=\"https:\/\/eagle.com.br\/wp-content\/uploads\/como-escolher-uma-boa-abracadeira-200x140.jpg 200w, https:\/\/eagle.com.br\/wp-content\/uploads\/como-escolher-uma-boa-abracadeira-400x280.jpg 400w, https:\/\/eagle.com.br\/wp-content\/uploads\/como-escolher-uma-boa-abracadeira-600x420.jpg 600w, https:\/\/eagle.com.br\/wp-content\/uploads\/como-escolher-uma-boa-abracadeira-800x560.jpg 800w, https:\/\/eagle.com.br\/wp-content\/uploads\/como-escolher-uma-boa-abracadeira-1200x841.jpg 1200w, https:\/\/eagle.com.br\/wp-content\/uploads\/como-escolher-uma-boa-abracadeira.jpg 1920w\" sizes=\"(min-width: 2200px) 100vw, (min-width: 784px) 340px, (min-width: 712px) 510px, (min-width: 640px) 712px, \" \/>\t\t\t<\/a>\n\t\t\t\t\t\t\t<\/div>\n<\/li>\n\t\t\t\n\t\t\t\n\t\t\t\t\t\t\t\t<\/ul>\n\t<\/div>\n\t<div class=\"fusion-post-content-wrapper\" style=\"padding:30px 25px 20px 25px;\"><div class=\"fusion-post-content post-content\"><h2 class=\"blog-shortcode-post-title entry-title\"><a href=\"https:\/\/eagle.com.br\/en_us\/blog_post\/como-escolher-uma-boa-abracadeira\/\">Como escolher uma boa abra\u00e7adeira? Ela pode realmente influenciar a sonoridade?<\/a><\/h2><div class=\"fusion-post-content-container\"><p> Como escolher uma boa abra\u00e7adeira? Ela pode realmente influenciar a sonoridade?  Existem diversos fatores que podem influenciar nosso timbre e nossa sonoridade. Alguns evidentemente fazem grande diferen\u00e7a, outros geram uma s\u00e9rie de discuss\u00f5es pr\u00f3 e contra o assunto em quest\u00e3o. Antes de pensar em mudar seu som, considere quem \u00e9 voc\u00ea: H\u00e1 quanto tempo voc\u00ea toca? J\u00e1 tem [Leia mais]<\/p><\/div><\/div><\/div><div class=\"fusion-clearfix\"><\/div><\/div>\n<\/article>\n<article id=\"blog-20-post-8250\" class=\"post type-post format-standard fusion-post-grid post-8250 blog_post type-blog_post status-publish has-post-thumbnail hentry blog_category-dicas-e-cuidados blog_category-instrumentos-de-sopro\">\n<div class=\"fusion-post-wrapper\" style=\"background-color:rgba(233,30,99,0);border:1px solid #ebeaea;border-bottom-width:3px;\">\n\n\t\t\t<div class=\"fusion-flexslider flexslider fusion-flexslider-loading fusion-post-slideshow\" style=\"border-color:#ebeaea;\">\n\t\t<ul class=\"slides\">\n\t\t\t\n\t\t\t\t\t\t\t\t\t\t\t\t\t\t<li><div  class=\"fusion-image-wrapper\" aria-haspopup=\"true\">\n\t\t\t\t\t\t\t<a href=\"https:\/\/eagle.com.br\/en_us\/blog_post\/cuidados-e-higienizacao-de-instrumentos-e-boquilhas\/\" aria-label=\"Cuidados e higieniza\u00e7\u00e3o de instrumentos e boquilhas\">\n\t\t\t\t\t\t\t<img decoding=\"async\" width=\"1500\" height=\"1000\" src=\"https:\/\/eagle.com.br\/wp-content\/uploads\/cuidados-e-higienizacao-de-instrumentos-e-boquilhas.jpg\" class=\"attachment-full size-full wp-post-image\" alt=\"\" srcset=\"https:\/\/eagle.com.br\/wp-content\/uploads\/cuidados-e-higienizacao-de-instrumentos-e-boquilhas-200x133.jpg 200w, https:\/\/eagle.com.br\/wp-content\/uploads\/cuidados-e-higienizacao-de-instrumentos-e-boquilhas-400x267.jpg 400w, https:\/\/eagle.com.br\/wp-content\/uploads\/cuidados-e-higienizacao-de-instrumentos-e-boquilhas-600x400.jpg 600w, https:\/\/eagle.com.br\/wp-content\/uploads\/cuidados-e-higienizacao-de-instrumentos-e-boquilhas-800x533.jpg 800w, https:\/\/eagle.com.br\/wp-content\/uploads\/cuidados-e-higienizacao-de-instrumentos-e-boquilhas-1200x800.jpg 1200w, https:\/\/eagle.com.br\/wp-content\/uploads\/cuidados-e-higienizacao-de-instrumentos-e-boquilhas.jpg 1500w\" sizes=\"(min-width: 2200px) 100vw, (min-width: 784px) 340px, (min-width: 712px) 510px, (min-width: 640px) 712px, \" \/>\t\t\t<\/a>\n\t\t\t\t\t\t\t<\/div>\n<\/li>\n\t\t\t\n\t\t\t\n\t\t\t\t\t\t\t\t<\/ul>\n\t<\/div>\n\t<div class=\"fusion-post-content-wrapper\" style=\"padding:30px 25px 20px 25px;\"><div class=\"fusion-post-content post-content\"><h2 class=\"blog-shortcode-post-title entry-title\"><a href=\"https:\/\/eagle.com.br\/en_us\/blog_post\/cuidados-e-higienizacao-de-instrumentos-e-boquilhas\/\">Cuidados e higieniza\u00e7\u00e3o de instrumentos e boquilhas<\/a><\/h2><div class=\"fusion-post-content-container\"><p> Cuidados e Higieniza\u00e7\u00e3o de Instrumentos e Boquilhas  Cuidar dos nossos saxofones, boquilhas e palhetas, no que se refere a limpeza e higieniza\u00e7\u00e3o, devem sempre fazer parte de nosso dia a dia. Porque devemos limpar nossas boquilhas? Ap\u00f3s o uso, vemos que a boquilha fica bastante molhada, mas isso n\u00e3o \u00e9 somente saliva, como muitos podem pensar. Grande parte [Leia mais]<\/p><\/div><\/div><\/div><div class=\"fusion-clearfix\"><\/div><\/div>\n<\/article>\n<article id=\"blog-20-post-7354\" class=\"post type-post format-standard fusion-post-grid post-7354 blog_post type-blog_post status-publish has-post-thumbnail hentry blog_category-dicas-e-cuidados blog_category-instrumentos-de-sopro\">\n<div class=\"fusion-post-wrapper\" style=\"background-color:rgba(233,30,99,0);border:1px solid #ebeaea;border-bottom-width:3px;\">\n\n\t\t\t<div class=\"fusion-flexslider flexslider fusion-flexslider-loading fusion-post-slideshow\" style=\"border-color:#ebeaea;\">\n\t\t<ul class=\"slides\">\n\t\t\t\n\t\t\t\t\t\t\t\t\t\t\t\t\t\t<li><div  class=\"fusion-image-wrapper\" aria-haspopup=\"true\">\n\t\t\t\t\t\t\t<a href=\"https:\/\/eagle.com.br\/en_us\/blog_post\/qual-e-o-saxofone-mais-indicado-para-comecar-a-tocar\/\" aria-label=\"Qual \u00e9 o saxofone mais indicado para come\u00e7ar a tocar?\">\n\t\t\t\t\t\t\t<img decoding=\"async\" width=\"1500\" height=\"1001\" src=\"https:\/\/eagle.com.br\/wp-content\/uploads\/qual-e-o-saxofone-mais-indicado-para-comecar-a-tocar.jpg\" class=\"attachment-full size-full wp-post-image\" alt=\"\" srcset=\"https:\/\/eagle.com.br\/wp-content\/uploads\/qual-e-o-saxofone-mais-indicado-para-comecar-a-tocar-200x133.jpg 200w, https:\/\/eagle.com.br\/wp-content\/uploads\/qual-e-o-saxofone-mais-indicado-para-comecar-a-tocar-400x267.jpg 400w, https:\/\/eagle.com.br\/wp-content\/uploads\/qual-e-o-saxofone-mais-indicado-para-comecar-a-tocar-600x400.jpg 600w, https:\/\/eagle.com.br\/wp-content\/uploads\/qual-e-o-saxofone-mais-indicado-para-comecar-a-tocar-800x534.jpg 800w, https:\/\/eagle.com.br\/wp-content\/uploads\/qual-e-o-saxofone-mais-indicado-para-comecar-a-tocar-1200x801.jpg 1200w, https:\/\/eagle.com.br\/wp-content\/uploads\/qual-e-o-saxofone-mais-indicado-para-comecar-a-tocar.jpg 1500w\" sizes=\"(min-width: 2200px) 100vw, (min-width: 784px) 340px, (min-width: 712px) 510px, (min-width: 640px) 712px, \" \/>\t\t\t<\/a>\n\t\t\t\t\t\t\t<\/div>\n<\/li>\n\t\t\t\n\t\t\t\n\t\t\t\t\t\t\t\t<\/ul>\n\t<\/div>\n\t<div class=\"fusion-post-content-wrapper\" style=\"padding:30px 25px 20px 25px;\"><div class=\"fusion-post-content post-content\"><h2 class=\"blog-shortcode-post-title entry-title\"><a href=\"https:\/\/eagle.com.br\/en_us\/blog_post\/qual-e-o-saxofone-mais-indicado-para-comecar-a-tocar\/\">Qual \u00e9 o saxofone mais indicado para come\u00e7ar a tocar?<\/a><\/h2><div class=\"fusion-post-content-container\"><p> Qual \u00e9 o saxofone mais indicado para come\u00e7ar a tocar?  Criado por volta dos anos 1840 por Adolphe Sax (da\u00ed seu nome), o saxofone \u00e9 um instrumento relativamente jovem, quando comparado aos outros instrumentos de orquestra. Baseado em v\u00e1rios instrumentos de sopro, como o clarinete e o obo\u00e9, Adolphe Sax fez v\u00e1rias experi\u00eancias at\u00e9 chegar ao resultado que [Leia mais]<\/p><\/div><\/div><\/div><div class=\"fusion-clearfix\"><\/div><\/div>\n<\/article>\n<div class=\"fusion-clearfix\"><\/div><\/div><\/div><div class=\"fusion-clearfix\"><\/div><\/div><\/div><\/div><\/div><div class=\"fusion-fullwidth fullwidth-box fusion-builder-row-3 fusion-flex-container hundred-percent-fullwidth non-hundred-percent-height-scrolling\" style=\"--awb-border-radius-top-left:0px;--awb-border-radius-top-right:0px;--awb-border-radius-bottom-right:0px;--awb-border-radius-bottom-left:0px;--awb-padding-top:40px;--awb-padding-right:30px;--awb-padding-bottom:40px;--awb-padding-left:30px;--awb-background-color:#ffa723;--awb-flex-wrap:wrap;\" ><div class=\"fusion-builder-row fusion-row fusion-flex-align-items-flex-start fusion-flex-content-wrap\" style=\"width:104% !important;max-width:104% !important;margin-left: calc(-4% \/ 2 );margin-right: calc(-4% \/ 2 );\"><div class=\"fusion-layout-column fusion_builder_column fusion-builder-column-3 fusion_builder_column_1_2 1_2 fusion-flex-column\" style=\"--awb-bg-size:cover;--awb-width-large:50%;--awb-margin-top-large:0px;--awb-spacing-right-large:3.84%;--awb-margin-bottom-large:20px;--awb-spacing-left-large:3.84%;--awb-width-medium:100%;--awb-order-medium:0;--awb-spacing-right-medium:1.92%;--awb-spacing-left-medium:1.92%;--awb-width-small:100%;--awb-order-small:0;--awb-spacing-right-small:1.92%;--awb-spacing-left-small:1.92%;\"><div class=\"fusion-column-wrapper fusion-column-has-shadow fusion-flex-justify-content-flex-start fusion-content-layout-column\"><div class=\"fusion-title title fusion-title-2 fusion-sep-none fusion-title-text fusion-title-size-two\" style=\"--awb-text-color:#ffffff;--awb-margin-bottom:8px;--awb-margin-top-small:0px;--awb-margin-right-small:0px;--awb-margin-bottom-small:20px;--awb-margin-left-small:0px;\"><h2 class=\"fusion-title-heading title-heading-left\" style=\"margin:0;line-height:50px;\">Receba nossas novidades e promo\u00e7\u00f5es!<\/h2><\/div><\/div><\/div><div class=\"fusion-layout-column fusion_builder_column fusion-builder-column-4 fusion_builder_column_1_2 1_2 fusion-flex-column\" style=\"--awb-bg-size:cover;--awb-width-large:50%;--awb-margin-top-large:0px;--awb-spacing-right-large:3.84%;--awb-margin-bottom-large:20px;--awb-spacing-left-large:3.84%;--awb-width-medium:100%;--awb-order-medium:0;--awb-spacing-right-medium:1.92%;--awb-spacing-left-medium:1.92%;--awb-width-small:100%;--awb-order-small:0;--awb-spacing-right-small:1.92%;--awb-spacing-left-small:1.92%;\"><div class=\"fusion-column-wrapper fusion-column-has-shadow fusion-flex-justify-content-flex-start fusion-content-layout-column\">\t\t\t<link rel=\"stylesheet\" property=\"stylesheet\" href=\"https:\/\/eagle.com.br\/wp-content\/plugins\/happyforms-upgrade\/bundles\/css\/frontend.css\" \/>\n\t\t\t\t<!-- HappyForms CSS variables -->\n\t<style>\n\t#happyforms-7823 {\n\t\t--happyforms-part-title-font-size: 16px;\n--happyforms-part-description-font-size: 14px;\n--happyforms-part-value-font-size: 16px;\n--happyforms-submit-button-font-size: 17px;\n--happyforms-color-primary: #ffffff;\n--happyforms-color-success-notice: #ffa723;\n--happyforms-color-success-notice-text: #ffffff;\n--happyforms-color-error: #f23000;\n--happyforms-color-error-notice: #ffeeea;\n--happyforms-color-error-notice-text: #f23000;\n--happyforms-color-part-title: #707070;\n--happyforms-color-part-value: #000000;\n--happyforms-color-part-placeholder: #888888;\n--happyforms-color-part-description: #ffffff;\n--happyforms-color-part-border: #dbdbdb;\n--happyforms-color-part-border-focus: #ff9b00;\n--happyforms-color-part-background: #fcfcfc;\n--happyforms-color-part-background-focus: #ffffff;\n--happyforms-color-submit-background: #8c8c8c;\n--happyforms-color-submit-background-hover: #7c7c7c;\n--happyforms-color-submit-border: #8c8c8c;\n--happyforms-color-submit-text: #ffffff;\n--happyforms-color-submit-text-hover: #ffffff;\n--happyforms-color-table-row-odd: #fcfcfc;\n--happyforms-color-table-row-even: #efefef;\n--happyforms-color-table-row-odd-text: #000000;\n--happyforms-color-table-row-even-text: #000000;\n--happyforms-color-dropdown-item-bg: #ffffff;\n--happyforms-color-dropdown-item-text: #000000;\n--happyforms-color-dropdown-item-bg-hover: #ffc46d;\n--happyforms-color-dropdown-item-text-hover: #000000;\n--happyforms-color-divider-hr: #cccccc;\n--happyforms-color-choice-checkmark-bg: #ffffff;\n--happyforms-color-choice-checkmark-bg-focus: #000000;\n--happyforms-color-choice-checkmark-color: #ffffff;\n--happyforms-color-rating: #cccccc;\n--happyforms-color-rating-hover: #ffbf00;\n--happyforms-color-multistep-info-text-color: #000000;\n--happyforms-color-multistep-info-back-color: #000000;\n--happyforms-color-multistep-info-back-color-hover: #000000;\n--happyforms-poll-bar-color: #e8e8e8;\n--happyforms-poll-link-color: #000000;\n--happyforms-poll-winner-color: #000000;\n\t}\n\t<\/style>\n\t<!-- End of HappyForms CSS variables -->\n\t\t<!-- HappyForms Additional CSS -->\n\t<style data-happyforms-additional-css>\n\t\t<\/style>\n\t<!-- End of HappyForms Additional CSS -->\n\t\t\t<link rel=\"stylesheet\" type=\"text\/css\" href=\"https:\/\/eagle.com.br\/wp-content\/plugins\/happyforms-upgrade\/core\/assets\/css\/no-interaction.css\">\n\t\t<div class=\"happyforms-form happyforms-styles happyforms-form--part-outer-padding-narrow happyforms-form--submit-button-border-radius-pill happyforms-form--submit-button-padding-narrow\" id=\"happyforms-7823\">\n\t\t\n\t<form action=\"\" id=\"happyforms-form-7823\" method=\"post\" novalidate=\"true\" autocomplete=\"off\">\n\t\t\t\t<input type=\"hidden\" name=\"happyforms_random_seed\" value=\"3997307534\" \/>\n\t\t<div data-happyforms-type=\"google_analytics\">\n\t<input type=\"hidden\" name=\"happyforms_ga_referer\" value=\"\" \/>\n\t<input type=\"hidden\" name=\"happyforms_ga_user_agent\" \/>\n\t<input type=\"hidden\" name=\"happyforms_ga_page_url\" \/>\n<\/div>\n\t\t\t<input type=\"hidden\" name=\"action\" value=\"happyforms_message\">\n\t\t\t\t<input type=\"hidden\" name=\"client_referer\" value=\"\">\n\t\t\t\t<input type=\"hidden\" name=\"current_post_id\" value=\"\">\n\t\t\t\t<input type=\"hidden\" name=\"happyforms_form_id\" value=\"7823\" \/>\n\t\t\t\t<input type=\"hidden\" name=\"happyforms_step\" value=\"0\" \/>\n\t\n\t\t<div class=\"happyforms-flex\">\n\t\t\t\t<label for=\"7823-multi_line_text\" class=\"screen-reader-text\">Leave this field blank<\/label>\n\t<input type=\"text\" id=\"7823-multi_line_text\" name=\"7823-multi_line_text\" style=\"display: none;\" tabindex=\"-1\" autocomplete=\"off\" aria-hidden=\"true\">\n\t\t\t\t\t\t\t\t\t\t<div class=\"happyforms-form__part happyforms-part happyforms-part--single_line_text happyforms-part--width-half happyforms-part--label-hidden\" id=\"happyforms-7823_single_line_text_1-part\" data-happyforms-type=\"single_line_text\" data-happyforms-id=\"single_line_text_1\" data-happyforms-required=\"\">\n\t<div class=\"happyforms-part-wrap\">\n\t\t\n\t\t\t\t\t\t<div class=\"happyforms-part__label-container\">\n\t\t\t<\/div>\n\t\t\t\n\t\t\n\t\t<div class=\"happyforms-part__el\">\n\t\t\t\n\t\t\t\n\t\t\t<div class=\"happyforms-input\">\n\t\t\t\t\n\t\t\t\t<input id=\"happyforms-7823_single_line_text_1\" type=\"text\" name=\"7823_single_line_text_1\" value=\"\" placeholder=\"Nome\" autocomplete=\"off\" spellcheck=\"false\"  autocorrect=\"off\" \/>\n\t\t\t\t\t\t\t<\/div>\n\n\t\t\t\n\t\t\t\n\t\t\t\t\t<\/div>\n\t<\/div>\n<\/div>\n<div class=\"happyforms-part--with-autocomplete happyforms-form__part happyforms-part happyforms-part--email happyforms-part--width-half happyforms-part--label-hidden\" id=\"happyforms-7823_email_2-part\" data-happyforms-type=\"email\" data-happyforms-id=\"email_2\" data-happyforms-required=\"\">\n\t\t<div class=\"happyforms-part-wrap\">\n\t\t\t\t\t\t<div class=\"happyforms-part__label-container\">\n\t\t\t<\/div>\n\t\t\t\n\t\t\n\t\t<div class=\"happyforms-part__el\">\n\t\t\t\n\t\t\t\n\t\t\t<div class=\"happyforms-input\">\n\t\t\t\t<input type=\"email\" name=\"7823_email_2\" id=\"happyforms-7823_email_2\" value=\"\" placeholder=\"E-mail\" autocomplete=\"off\" spellcheck=\"false\"  autocorrect=\"off\" \/>\n\t\t\t\t\t\t\t<\/div>\n\n\t\t\t\n\t\t\t\n\t\t\t\t\t<\/div>\n\t<\/div>\n<\/div>\n<div class=\"happyforms-form__part happyforms-part happyforms-part--placeholder happyforms-part--width-full happyforms-part--label-hidden\" id=\"happyforms-7823_placeholder_9-part\" data-happyforms-type=\"placeholder\" data-happyforms-id=\"placeholder_9\">\n\t<div class=\"happyforms-part-wrap\">\n\t\t\t<div class=\"happyforms-part__label-container\">\n\t\t\t<\/div>\n\t\n\t\t\n\t\t<div class=\"happyforms-part__el\">\n\t\t\t\n\t\t\t<p>\u00a0Ao se cadastrar voc\u00ea ir\u00e1 concordar com a nossa <a href=\"https:\/\/eagle.com.br\/politica-de-privacidade\/\" target=\"_blank\" rel=\"noopener\">Pol\u00edtica de Privacidade<\/a><\/p>\n\t\t\t\t\t<\/div>\n\t<\/div>\n<\/div>\n\t\t\t\t\t\t<div class=\"happyforms-form__part happyforms-part happyforms-part--submit\">\n\t\t<button type=\"submit\" class=\"happyforms-submit happyforms-button--submit \">Enviar<\/button>\n\t<\/div>\t\t<\/div>\n\n\t\t\t<\/form>\n\n\t<\/div>\n<\/div><\/div><\/div><\/div><\/p>\n","protected":false},"excerpt":{"rendered":"","protected":false},"author":7,"featured_media":0,"parent":0,"menu_order":0,"comment_status":"closed","ping_status":"closed","template":"","meta":{"footnotes":""},"class_list":["post-54","page","type-page","status-publish","hentry"],"_links":{"self":[{"href":"https:\/\/eagle.com.br\/en_us\/wp-json\/wp\/v2\/pages\/54","targetHints":{"allow":["GET"]}}],"collection":[{"href":"https:\/\/eagle.com.br\/en_us\/wp-json\/wp\/v2\/pages"}],"about":[{"href":"https:\/\/eagle.com.br\/en_us\/wp-json\/wp\/v2\/types\/page"}],"author":[{"embeddable":true,"href":"https:\/\/eagle.com.br\/en_us\/wp-json\/wp\/v2\/users\/7"}],"replies":[{"embeddable":true,"href":"https:\/\/eagle.com.br\/en_us\/wp-json\/wp\/v2\/comments?post=54"}],"version-history":[{"count":0,"href":"https:\/\/eagle.com.br\/en_us\/wp-json\/wp\/v2\/pages\/54\/revisions"}],"wp:attachment":[{"href":"https:\/\/eagle.com.br\/en_us\/wp-json\/wp\/v2\/media?parent=54"}],"curies":[{"name":"wp","href":"https:\/\/api.w.org\/{rel}","templated":true}]}}