{"id":3271,"date":"2020-01-28T11:59:36","date_gmt":"2020-01-28T11:59:36","guid":{"rendered":"http:\/\/eagle.com.br\/?page_id=3271"},"modified":"2020-09-26T02:43:23","modified_gmt":"2020-09-26T05:43:23","slug":"baixos-eletroacusticos","status":"publish","type":"page","link":"https:\/\/eagle.com.br\/en_us\/eagle\/baixos-eletroacusticos\/","title":{"rendered":"Baixos Eletroac\u00fasticos Eagle"},"content":{"rendered":"<p><div class=\"fusion-fullwidth fullwidth-box fusion-builder-row-1 nonhundred-percent-fullwidth non-hundred-percent-height-scrolling\" style=\"--awb-border-radius-top-left:0px;--awb-border-radius-top-right:0px;--awb-border-radius-bottom-right:0px;--awb-border-radius-bottom-left:0px;--awb-flex-wrap:wrap;\" ><div class=\"fusion-builder-row fusion-row\"><div class=\"fusion-layout-column fusion_builder_column fusion-builder-column-0 fusion_builder_column_1_1 1_1 fusion-one-full fusion-column-first fusion-column-last\" style=\"--awb-bg-size:cover;\"><div class=\"fusion-column-wrapper fusion-column-has-shadow fusion-flex-column-wrapper-legacy\"><div class=\"fusion-title title fusion-title-1 fusion-sep-none fusion-title-text fusion-title-size-two\" style=\"--awb-margin-top-small:0px;--awb-margin-right-small:0px;--awb-margin-bottom-small:20px;--awb-margin-left-small:0px;\"><h2 class=\"fusion-title-heading title-heading-left\" style=\"margin:0;\">Master Series<\/h2><\/div><div class=\"fusion-text fusion-text-1\"><p>A s\u00e9rie <em>premium<\/em> de &#8220;baixol\u00f5es&#8221; Eagle, fabricados com tampo de madeira s\u00f3lida (uma \u00fanica l\u00e2mina) que proporciona maior defini\u00e7\u00e3o de timbres e proje\u00e7\u00e3o sonora,\u00a0 s\u00e3o equipados com sistema de pr\u00e9-amplifica\u00e7\u00e3o <strong>Fishman<\/strong> e acompanham estojo r\u00edgido especial para transporte e acondicionamento adequado do instrumento.<\/p>\n<\/div><div class=\"fusion-recent-posts fusion-recent-posts-1 avada-container layout-default layout-columns-2\"><section class=\"fusion-columns columns fusion-columns-2 columns-2\"><article class=\"post fusion-column column col col-lg-6 col-md-6 col-sm-6\"><div class=\"fusion-flexslider fusion-flexslider-loading flexslider flexslider-hover-type-none\"><ul class=\"slides\"><li><a href=\"https:\/\/eagle.com.br\/en_us\/emb90ce\/\" aria-label=\"EMB 90 CE\" class=\"hover-type-none\"><img decoding=\"async\" width=\"600\" height=\"221\" src=\"https:\/\/eagle.com.br\/wp-content\/uploads\/emb90ce-baixo-eletroacustico-4-cordas-tampo-solido-eagle-emb90ce-nt-natural-600-pixels.jpg\" class=\"attachment-full size-full\" alt=\"\" srcset=\"https:\/\/eagle.com.br\/wp-content\/uploads\/emb90ce-baixo-eletroacustico-4-cordas-tampo-solido-eagle-emb90ce-nt-natural-600-pixels-200x74.jpg 200w, https:\/\/eagle.com.br\/wp-content\/uploads\/emb90ce-baixo-eletroacustico-4-cordas-tampo-solido-eagle-emb90ce-nt-natural-600-pixels-400x147.jpg 400w, https:\/\/eagle.com.br\/wp-content\/uploads\/emb90ce-baixo-eletroacustico-4-cordas-tampo-solido-eagle-emb90ce-nt-natural-600-pixels.jpg 600w\" sizes=\"(min-width: 2200px) 100vw, (min-width: 712px) 535px, (min-width: 640px) 712px, \" \/><\/a><\/li><\/ul><\/div><div class=\"recent-posts-content\"><h4 class=\"entry-title\"><a href=\"https:\/\/eagle.com.br\/en_us\/emb90ce\/\">EMB 90 CE<\/a><\/h4><p>Baixol\u00e3o 4 cordas eletroac\u00fastico<\/p><\/div><\/article><article class=\"post fusion-column column col col-lg-6 col-md-6 col-sm-6\"><div class=\"fusion-flexslider fusion-flexslider-loading flexslider flexslider-hover-type-none\"><ul class=\"slides\"><li><a href=\"https:\/\/eagle.com.br\/en_us\/emb97ce5\/\" aria-label=\"EMB 97 CE5\" class=\"hover-type-none\"><img decoding=\"async\" width=\"600\" height=\"221\" src=\"https:\/\/eagle.com.br\/wp-content\/uploads\/emb97ce5-baixo-eletroacustico-5-cordas-tampo-solido-eagle-emb97ce5-nt-natural-600-pixels.jpg\" class=\"attachment-full size-full\" alt=\"\" srcset=\"https:\/\/eagle.com.br\/wp-content\/uploads\/emb97ce5-baixo-eletroacustico-5-cordas-tampo-solido-eagle-emb97ce5-nt-natural-600-pixels-200x74.jpg 200w, https:\/\/eagle.com.br\/wp-content\/uploads\/emb97ce5-baixo-eletroacustico-5-cordas-tampo-solido-eagle-emb97ce5-nt-natural-600-pixels-400x147.jpg 400w, https:\/\/eagle.com.br\/wp-content\/uploads\/emb97ce5-baixo-eletroacustico-5-cordas-tampo-solido-eagle-emb97ce5-nt-natural-600-pixels.jpg 600w\" sizes=\"(min-width: 2200px) 100vw, (min-width: 712px) 535px, (min-width: 640px) 712px, \" \/><\/a><\/li><\/ul><\/div><div class=\"recent-posts-content\"><h4 class=\"entry-title\"><a href=\"https:\/\/eagle.com.br\/en_us\/emb97ce5\/\">EMB 97 CE5<\/a><\/h4><p>Baixol\u00e3o 5 cordas eletroac\u00fastico<\/p><\/div><\/article><\/section><\/div><div class=\"fusion-clearfix\"><\/div><\/div><\/div><\/div><\/div><div class=\"fusion-fullwidth fullwidth-box fusion-builder-row-2 nonhundred-percent-fullwidth non-hundred-percent-height-scrolling\" style=\"--awb-border-radius-top-left:0px;--awb-border-radius-top-right:0px;--awb-border-radius-bottom-right:0px;--awb-border-radius-bottom-left:0px;--awb-flex-wrap:wrap;\" ><div class=\"fusion-builder-row fusion-row\"><div class=\"fusion-layout-column fusion_builder_column fusion-builder-column-1 fusion_builder_column_1_1 1_1 fusion-one-full fusion-column-first fusion-column-last\" style=\"--awb-bg-size:cover;\"><div class=\"fusion-column-wrapper fusion-column-has-shadow fusion-flex-column-wrapper-legacy\"><div class=\"fusion-title title fusion-title-2 fusion-sep-none fusion-title-text fusion-title-size-two\" style=\"--awb-margin-top-small:0px;--awb-margin-right-small:0px;--awb-margin-bottom-small:20px;--awb-margin-left-small:0px;\"><h2 class=\"fusion-title-heading title-heading-left\" style=\"margin:0;\">PRO Series<\/h2><\/div><div class=\"fusion-text fusion-text-2\"><p>Nossa s\u00e9rie de profissional de &#8220;baixol\u00f5es&#8221;, equipados com sistema de pr\u00e9-amplifica\u00e7\u00e3o <strong>Promix<\/strong> e a reconhecida qualidade Eagle, aprovada e sempre recomendada por professores e profissionais da m\u00fasica.<\/p>\n<\/div><div class=\"fusion-recent-posts fusion-recent-posts-2 avada-container layout-default layout-columns-2\"><section class=\"fusion-columns columns fusion-columns-2 columns-2\"><article class=\"post fusion-column column col col-lg-6 col-md-6 col-sm-6\"><div class=\"fusion-flexslider fusion-flexslider-loading flexslider flexslider-hover-type-none\"><ul class=\"slides\"><li><a href=\"https:\/\/eagle.com.br\/en_us\/eab90\/\" aria-label=\"EAB 90\" class=\"hover-type-none\"><img decoding=\"async\" width=\"600\" height=\"195\" src=\"https:\/\/eagle.com.br\/wp-content\/uploads\/EAB90-STNT-baixolao-eletroacustico-EAGLE-Pro-Series-EAB90-STNT-acabamento-natural-acetinado-lista.jpg\" class=\"attachment-full size-full\" alt=\"\" srcset=\"https:\/\/eagle.com.br\/wp-content\/uploads\/EAB90-STNT-baixolao-eletroacustico-EAGLE-Pro-Series-EAB90-STNT-acabamento-natural-acetinado-lista-200x65.jpg 200w, https:\/\/eagle.com.br\/wp-content\/uploads\/EAB90-STNT-baixolao-eletroacustico-EAGLE-Pro-Series-EAB90-STNT-acabamento-natural-acetinado-lista-400x130.jpg 400w, https:\/\/eagle.com.br\/wp-content\/uploads\/EAB90-STNT-baixolao-eletroacustico-EAGLE-Pro-Series-EAB90-STNT-acabamento-natural-acetinado-lista.jpg 600w\" sizes=\"(min-width: 2200px) 100vw, (min-width: 712px) 535px, (min-width: 640px) 712px, \" \/><\/a><\/li><\/ul><\/div><div class=\"recent-posts-content\"><h4 class=\"entry-title\"><a href=\"https:\/\/eagle.com.br\/en_us\/eab90\/\">EAB 90<\/a><\/h4><p class=\"meta\"><\/p><p>Baixol\u00e3o 4 cordas eletroac\u00fastico<\/p><\/div><\/article><\/section><\/div><div class=\"fusion-clearfix\"><\/div><\/div><\/div><\/div><\/div><\/p>","protected":false},"excerpt":{"rendered":"","protected":false},"author":7,"featured_media":0,"parent":3175,"menu_order":0,"comment_status":"closed","ping_status":"closed","template":"100-width.php","meta":{"footnotes":""},"class_list":["post-3271","page","type-page","status-publish","hentry"],"_links":{"self":[{"href":"https:\/\/eagle.com.br\/en_us\/wp-json\/wp\/v2\/pages\/3271","targetHints":{"allow":["GET"]}}],"collection":[{"href":"https:\/\/eagle.com.br\/en_us\/wp-json\/wp\/v2\/pages"}],"about":[{"href":"https:\/\/eagle.com.br\/en_us\/wp-json\/wp\/v2\/types\/page"}],"author":[{"embeddable":true,"href":"https:\/\/eagle.com.br\/en_us\/wp-json\/wp\/v2\/users\/7"}],"replies":[{"embeddable":true,"href":"https:\/\/eagle.com.br\/en_us\/wp-json\/wp\/v2\/comments?post=3271"}],"version-history":[{"count":0,"href":"https:\/\/eagle.com.br\/en_us\/wp-json\/wp\/v2\/pages\/3271\/revisions"}],"up":[{"embeddable":true,"href":"https:\/\/eagle.com.br\/en_us\/wp-json\/wp\/v2\/pages\/3175"}],"wp:attachment":[{"href":"https:\/\/eagle.com.br\/en_us\/wp-json\/wp\/v2\/media?parent=3271"}],"curies":[{"name":"wp","href":"https:\/\/api.w.org\/{rel}","templated":true}]}}