{"id":3181,"date":"2020-01-16T18:46:29","date_gmt":"2020-01-16T18:46:29","guid":{"rendered":"http:\/\/eagle.com.br\/?page_id=3181"},"modified":"2025-06-12T13:08:08","modified_gmt":"2025-06-12T16:08:08","slug":"shelby","status":"publish","type":"page","link":"https:\/\/eagle.com.br\/en_us\/shelby\/","title":{"rendered":"Instrumentos Musicais | Shelby"},"content":{"rendered":"<div class=\"fusion-fullwidth fullwidth-box fusion-builder-row-1 fusion-flex-container has-pattern-background has-mask-background nonhundred-percent-fullwidth non-hundred-percent-height-scrolling\" style=\"--awb-border-radius-top-left:0px;--awb-border-radius-top-right:0px;--awb-border-radius-bottom-right:0px;--awb-border-radius-bottom-left:0px;--awb-flex-wrap:wrap;\" ><div class=\"fusion-builder-row fusion-row fusion-flex-align-items-flex-start fusion-flex-content-wrap\" style=\"max-width:1144px;margin-left: calc(-4% \/ 2 );margin-right: calc(-4% \/ 2 );\"><div class=\"fusion-layout-column fusion_builder_column fusion-builder-column-0 fusion_builder_column_1_1 1_1 fusion-flex-column\" style=\"--awb-padding-top:50px;--awb-bg-size:cover;--awb-width-large:100%;--awb-margin-top-large:0px;--awb-spacing-right-large:1.92%;--awb-margin-bottom-large:20px;--awb-spacing-left-large:1.92%;--awb-width-medium:100%;--awb-order-medium:0;--awb-spacing-right-medium:1.92%;--awb-spacing-left-medium:1.92%;--awb-width-small:100%;--awb-order-small:0;--awb-spacing-right-small:1.92%;--awb-spacing-left-small:1.92%;\"><div class=\"fusion-column-wrapper fusion-column-has-shadow fusion-flex-justify-content-flex-start fusion-content-layout-column\"><div class=\"fusion-title title fusion-title-1 fusion-sep-none fusion-title-text fusion-title-size-one\" style=\"--awb-margin-top-small:0px;--awb-margin-right-small:0px;--awb-margin-bottom-small:20px;--awb-margin-left-small:0px;\"><h1 class=\"fusion-title-heading title-heading-left\" style=\"margin:0;\">Shelby \u2013 Desperte a m\u00fasica que h\u00e1 em voc\u00ea.<\/h1><\/div><div class=\"fusion-text fusion-text-1\"><p><span style=\"letter-spacing: 0.2px; background-color: rgba(0, 0, 0, 0);\">A m\u00fasica est\u00e1 dentro de cada um de n\u00f3s \u2014 basta um est\u00edmulo para despertar essa paix\u00e3o. E \u00e9 exatamente isso que a Shelby faz: oferece instrumentos de verdade para quem est\u00e1 dando os primeiros passos no mundo musical.<\/span><\/p>\n<p>Com uma linha desenvolvida especialmente para iniciantes, a Shelby se destaca por produzir instrumentos acess\u00edveis, constru\u00eddos com madeiras leg\u00edtimas, sem o uso de materiais sint\u00e9ticos como os encontrados em muitos produtos da mesma faixa de pre\u00e7o. Isso garante n\u00e3o s\u00f3 um visual mais natural e bonito, mas tamb\u00e9m melhor resson\u00e2ncia, timbre e durabilidade.<\/p>\n<p>Seus viol\u00f5es e ukuleles s\u00e3o a escolha ideal para quem quer come\u00e7ar com o p\u00e9 direito \u2014 e sem gastar muito. Ali\u00e1s, foi a Shelby que ajudou a popularizar o ukulele no Brasil, transformando o pequeno instrumento havaiano em um sucesso entre jovens e novos m\u00fasicos. Hoje, os ukuleles Shelby s\u00e3o refer\u00eancia, combinando som alegre, acabamento caprichado e \u00f3timo custo\/benef\u00edcio.<\/p>\n<p>Com a Shelby, come\u00e7ar a tocar nunca foi t\u00e3o f\u00e1cil \u2014 e t\u00e3o inspirador. Porque ningu\u00e9m nasce m\u00fasico, mas todos nascem com m\u00fasica dentro de si.<\/p>\n<p><b>Shelby \u2013 Desperte a m\u00fasica que h\u00e1 em voc\u00ea.<\/b><\/p>\n<\/div><\/div><\/div><\/div><\/div>","protected":false},"excerpt":{"rendered":"","protected":false},"author":7,"featured_media":0,"parent":0,"menu_order":0,"comment_status":"closed","ping_status":"closed","template":"","meta":{"footnotes":""},"class_list":["post-3181","page","type-page","status-publish","hentry"],"_links":{"self":[{"href":"https:\/\/eagle.com.br\/en_us\/wp-json\/wp\/v2\/pages\/3181","targetHints":{"allow":["GET"]}}],"collection":[{"href":"https:\/\/eagle.com.br\/en_us\/wp-json\/wp\/v2\/pages"}],"about":[{"href":"https:\/\/eagle.com.br\/en_us\/wp-json\/wp\/v2\/types\/page"}],"author":[{"embeddable":true,"href":"https:\/\/eagle.com.br\/en_us\/wp-json\/wp\/v2\/users\/7"}],"replies":[{"embeddable":true,"href":"https:\/\/eagle.com.br\/en_us\/wp-json\/wp\/v2\/comments?post=3181"}],"version-history":[{"count":2,"href":"https:\/\/eagle.com.br\/en_us\/wp-json\/wp\/v2\/pages\/3181\/revisions"}],"predecessor-version":[{"id":26882,"href":"https:\/\/eagle.com.br\/en_us\/wp-json\/wp\/v2\/pages\/3181\/revisions\/26882"}],"wp:attachment":[{"href":"https:\/\/eagle.com.br\/en_us\/wp-json\/wp\/v2\/media?parent=3181"}],"curies":[{"name":"wp","href":"https:\/\/api.w.org\/{rel}","templated":true}]}}