{"id":3179,"date":"2020-01-16T18:45:48","date_gmt":"2020-01-16T18:45:48","guid":{"rendered":"http:\/\/eagle.com.br\/?page_id=3179"},"modified":"2025-06-12T13:11:52","modified_gmt":"2025-06-12T16:11:52","slug":"golden","status":"publish","type":"page","link":"https:\/\/eagle.com.br\/en_us\/golden\/","title":{"rendered":"Instrumentos Musicais | Golden"},"content":{"rendered":"<div class=\"fusion-fullwidth fullwidth-box fusion-builder-row-1 fusion-flex-container has-pattern-background has-mask-background nonhundred-percent-fullwidth non-hundred-percent-height-scrolling\" style=\"--awb-border-radius-top-left:0px;--awb-border-radius-top-right:0px;--awb-border-radius-bottom-right:0px;--awb-border-radius-bottom-left:0px;--awb-flex-wrap:wrap;\" ><div class=\"fusion-builder-row fusion-row fusion-flex-align-items-flex-start fusion-flex-content-wrap\" style=\"max-width:1144px;margin-left: calc(-4% \/ 2 );margin-right: calc(-4% \/ 2 );\"><div class=\"fusion-layout-column fusion_builder_column fusion-builder-column-0 fusion_builder_column_1_1 1_1 fusion-flex-column\" style=\"--awb-padding-top:50px;--awb-bg-size:cover;--awb-width-large:100%;--awb-margin-top-large:0px;--awb-spacing-right-large:1.92%;--awb-margin-bottom-large:20px;--awb-spacing-left-large:1.92%;--awb-width-medium:100%;--awb-order-medium:0;--awb-spacing-right-medium:1.92%;--awb-spacing-left-medium:1.92%;--awb-width-small:100%;--awb-order-small:0;--awb-spacing-right-small:1.92%;--awb-spacing-left-small:1.92%;\"><div class=\"fusion-column-wrapper fusion-column-has-shadow fusion-flex-justify-content-flex-start fusion-content-layout-column\"><div class=\"fusion-title title fusion-title-1 fusion-sep-none fusion-title-text fusion-title-size-one\" style=\"--awb-margin-top-small:0px;--awb-margin-right-small:0px;--awb-margin-bottom-small:20px;--awb-margin-left-small:0px;\"><h1 class=\"fusion-title-heading title-heading-left\" style=\"margin:0;\">Golden Guitar \u2013 Tradi\u00e7\u00e3o que inspira confian\u00e7a.<\/h1><\/div><div class=\"fusion-text fusion-text-1\"><p><span style=\"letter-spacing: 0.2px; background-color: rgba(0, 0, 0, 0);\">H\u00e1 mais de quatro d\u00e9cadas, a Golden Guitar \u00e9 sin\u00f4nimo de tradi\u00e7\u00e3o, qualidade e compromisso com a m\u00fasica. Fundada com a miss\u00e3o de oferecer instrumentos confi\u00e1veis e acess\u00edveis, a marca se consolidou como uma das grandes refer\u00eancias no cen\u00e1rio musical brasileiro.<\/span><\/p>\n<p>Com um portf\u00f3lio que atende desde estudantes at\u00e9 m\u00fasicos experientes, a Golden Guitar entrega instrumentos com constru\u00e7\u00e3o s\u00f3lida, timbre equilibrado e acabamento de qualidade, sempre com foco na durabilidade e na experi\u00eancia do m\u00fasico.<\/p>\n<p>S\u00e3o viol\u00f5es, guitarras, baixos e outros instrumentos que acompanham gera\u00e7\u00f5es, dentro e fora das salas de aula, nos palcos, nas igrejas e nos momentos de inspira\u00e7\u00e3o. Instrumentos feitos por quem entende de m\u00fasica e respeita a jornada de quem est\u00e1 aprendendo, ensinando ou se apresentando.<\/p>\n<p>Mais do que uma marca, a Golden Guitar representa a base sobre a qual muitas hist\u00f3rias musicais s\u00e3o constru\u00eddas. Porque quem conhece, confia. E quem toca, sente a diferen\u00e7a.<\/p>\n<p><b>Golden Guitar \u2013 Tradi\u00e7\u00e3o que inspira confian\u00e7a.<\/b><\/p>\n<\/div><\/div><\/div><\/div><\/div>","protected":false},"excerpt":{"rendered":"","protected":false},"author":7,"featured_media":0,"parent":0,"menu_order":0,"comment_status":"closed","ping_status":"closed","template":"","meta":{"footnotes":""},"class_list":["post-3179","page","type-page","status-publish","hentry"],"_links":{"self":[{"href":"https:\/\/eagle.com.br\/en_us\/wp-json\/wp\/v2\/pages\/3179","targetHints":{"allow":["GET"]}}],"collection":[{"href":"https:\/\/eagle.com.br\/en_us\/wp-json\/wp\/v2\/pages"}],"about":[{"href":"https:\/\/eagle.com.br\/en_us\/wp-json\/wp\/v2\/types\/page"}],"author":[{"embeddable":true,"href":"https:\/\/eagle.com.br\/en_us\/wp-json\/wp\/v2\/users\/7"}],"replies":[{"embeddable":true,"href":"https:\/\/eagle.com.br\/en_us\/wp-json\/wp\/v2\/comments?post=3179"}],"version-history":[{"count":2,"href":"https:\/\/eagle.com.br\/en_us\/wp-json\/wp\/v2\/pages\/3179\/revisions"}],"predecessor-version":[{"id":26883,"href":"https:\/\/eagle.com.br\/en_us\/wp-json\/wp\/v2\/pages\/3179\/revisions\/26883"}],"wp:attachment":[{"href":"https:\/\/eagle.com.br\/en_us\/wp-json\/wp\/v2\/media?parent=3179"}],"curies":[{"name":"wp","href":"https:\/\/api.w.org\/{rel}","templated":true}]}}