{"id":3177,"date":"2020-01-16T18:45:08","date_gmt":"2020-01-16T18:45:08","guid":{"rendered":"http:\/\/eagle.com.br\/?page_id=3177"},"modified":"2025-06-12T13:07:14","modified_gmt":"2025-06-12T16:07:14","slug":"hofma","status":"publish","type":"page","link":"https:\/\/eagle.com.br\/en_us\/hofma\/","title":{"rendered":"Instrumentos Musicais | Hofma"},"content":{"rendered":"<div class=\"fusion-fullwidth fullwidth-box fusion-builder-row-1 fusion-flex-container has-pattern-background has-mask-background nonhundred-percent-fullwidth non-hundred-percent-height-scrolling\" style=\"--awb-border-radius-top-left:0px;--awb-border-radius-top-right:0px;--awb-border-radius-bottom-right:0px;--awb-border-radius-bottom-left:0px;--awb-flex-wrap:wrap;\" ><div class=\"fusion-builder-row fusion-row fusion-flex-align-items-flex-start fusion-flex-content-wrap\" style=\"max-width:1144px;margin-left: calc(-4% \/ 2 );margin-right: calc(-4% \/ 2 );\"><div class=\"fusion-layout-column fusion_builder_column fusion-builder-column-0 fusion_builder_column_1_1 1_1 fusion-flex-column\" style=\"--awb-padding-top:50px;--awb-bg-size:cover;--awb-width-large:100%;--awb-margin-top-large:0px;--awb-spacing-right-large:1.92%;--awb-margin-bottom-large:20px;--awb-spacing-left-large:1.92%;--awb-width-medium:100%;--awb-order-medium:0;--awb-spacing-right-medium:1.92%;--awb-spacing-left-medium:1.92%;--awb-width-small:100%;--awb-order-small:0;--awb-spacing-right-small:1.92%;--awb-spacing-left-small:1.92%;\"><div class=\"fusion-column-wrapper fusion-column-has-shadow fusion-flex-justify-content-flex-start fusion-content-layout-column\"><div class=\"fusion-title title fusion-title-1 fusion-sep-none fusion-title-text fusion-title-size-one\" style=\"--awb-margin-top-small:0px;--awb-margin-right-small:0px;--awb-margin-bottom-small:20px;--awb-margin-left-small:0px;\"><h1 class=\"fusion-title-heading title-heading-left\" style=\"margin:0;\">Hofma \u2013 Feito para ser \u00fanico, como voc\u00ea.<\/h1><\/div><div class=\"fusion-text fusion-text-1\"><p><span style=\"letter-spacing: 0.2px; background-color: rgba(0, 0, 0, 0);\">A m\u00fasica \u00e9 uma express\u00e3o \u00fanica de quem somos. Cada acorde, cada nota, cada som carrega a identidade de quem toca. E \u00e9 por isso que a Hofma cria instrumentos com personalidade, estilo e autenticidade \u2014 feitos para quem busca se destacar.<\/span><\/p>\n<p>Reconhecida em todo o Brasil por sua linha de viol\u00f5es com visual diferenciado, timbre marcante e constru\u00e7\u00e3o impec\u00e1vel, a Hofma sempre foi a escolha de quem quer fugir do \u00f3bvio. Com modelos que combinam design exclusivo e excelente tocabilidade, a marca conquistou m\u00fasicos que valorizam qualidade sem abrir m\u00e3o da originalidade.<\/p>\n<p>Agora, a Hofma d\u00e1 um novo passo e amplia seu universo com a nova linha de instrumentos de sopro. Flautas e saxofones que surpreendem pelo acabamento refinado, excelente afina\u00e7\u00e3o e uma qualidade sonora rara nessa faixa de pre\u00e7o. Mais uma vez, a Hofma mostra que \u00e9 poss\u00edvel entregar mais \u2014 por um custo que s\u00f3 ela \u00e9 capaz de oferecer.<\/p>\n<p>Seja com cordas ou sopros, a Hofma faz instrumentos que respeitam a individualidade de cada m\u00fasico. Porque a sua arte, o seu som e o seu estilo s\u00e3o \u00fanicos. E o seu instrumento tamb\u00e9m deve ser.<\/p>\n<p><b>Hofma \u2013 Feito para ser \u00fanico, como voc\u00ea.<\/b><\/p>\n<\/div><\/div><\/div><\/div><\/div>","protected":false},"excerpt":{"rendered":"","protected":false},"author":7,"featured_media":0,"parent":0,"menu_order":0,"comment_status":"closed","ping_status":"closed","template":"","meta":{"footnotes":""},"class_list":["post-3177","page","type-page","status-publish","hentry"],"_links":{"self":[{"href":"https:\/\/eagle.com.br\/en_us\/wp-json\/wp\/v2\/pages\/3177","targetHints":{"allow":["GET"]}}],"collection":[{"href":"https:\/\/eagle.com.br\/en_us\/wp-json\/wp\/v2\/pages"}],"about":[{"href":"https:\/\/eagle.com.br\/en_us\/wp-json\/wp\/v2\/types\/page"}],"author":[{"embeddable":true,"href":"https:\/\/eagle.com.br\/en_us\/wp-json\/wp\/v2\/users\/7"}],"replies":[{"embeddable":true,"href":"https:\/\/eagle.com.br\/en_us\/wp-json\/wp\/v2\/comments?post=3177"}],"version-history":[{"count":2,"href":"https:\/\/eagle.com.br\/en_us\/wp-json\/wp\/v2\/pages\/3177\/revisions"}],"predecessor-version":[{"id":26880,"href":"https:\/\/eagle.com.br\/en_us\/wp-json\/wp\/v2\/pages\/3177\/revisions\/26880"}],"wp:attachment":[{"href":"https:\/\/eagle.com.br\/en_us\/wp-json\/wp\/v2\/media?parent=3177"}],"curies":[{"name":"wp","href":"https:\/\/api.w.org\/{rel}","templated":true}]}}