{"id":3175,"date":"2020-01-16T18:44:23","date_gmt":"2020-01-16T18:44:23","guid":{"rendered":"http:\/\/eagle.com.br\/?page_id=3175"},"modified":"2025-06-12T11:51:45","modified_gmt":"2025-06-12T14:51:45","slug":"eagle","status":"publish","type":"page","link":"https:\/\/eagle.com.br\/en_us\/eagle\/","title":{"rendered":"Instrumentos Musicais | Eagle"},"content":{"rendered":"<div class=\"fusion-fullwidth fullwidth-box fusion-builder-row-1 fusion-flex-container has-pattern-background has-mask-background nonhundred-percent-fullwidth non-hundred-percent-height-scrolling\" style=\"--awb-border-radius-top-left:0px;--awb-border-radius-top-right:0px;--awb-border-radius-bottom-right:0px;--awb-border-radius-bottom-left:0px;--awb-flex-wrap:wrap;\" ><div class=\"fusion-builder-row fusion-row fusion-flex-align-items-flex-start fusion-flex-content-wrap\" style=\"max-width:1144px;margin-left: calc(-4% \/ 2 );margin-right: calc(-4% \/ 2 );\"><div class=\"fusion-layout-column fusion_builder_column fusion-builder-column-0 fusion_builder_column_1_1 1_1 fusion-flex-column\" style=\"--awb-padding-top:50px;--awb-bg-size:cover;--awb-width-large:100%;--awb-margin-top-large:0px;--awb-spacing-right-large:1.92%;--awb-margin-bottom-large:20px;--awb-spacing-left-large:1.92%;--awb-width-medium:100%;--awb-order-medium:0;--awb-spacing-right-medium:1.92%;--awb-spacing-left-medium:1.92%;--awb-width-small:100%;--awb-order-small:0;--awb-spacing-right-small:1.92%;--awb-spacing-left-small:1.92%;\"><div class=\"fusion-column-wrapper fusion-column-has-shadow fusion-flex-justify-content-flex-start fusion-content-layout-column\"><div class=\"fusion-title title fusion-title-1 fusion-sep-none fusion-title-text fusion-title-size-one\" style=\"--awb-margin-top-small:0px;--awb-margin-right-small:0px;--awb-margin-bottom-small:20px;--awb-margin-left-small:0px;\"><h1 class=\"fusion-title-heading title-heading-left\" style=\"margin:0;\">Eagle \u2013 Asas para o seu talento.<\/h1><\/div><div class=\"fusion-text fusion-text-1\"><p><span style=\"letter-spacing: 0.2px; background-color: rgba(0, 0, 0, 0);\">A m\u00fasica tem o poder de transformar, emocionar e conectar. E \u00e9 com esse esp\u00edrito que a Eagle desenvolve instrumentos que v\u00e3o al\u00e9m da t\u00e9cnica \u2014 eles acompanham sonhos, vozes e sentimentos. Com mais de 40 anos de hist\u00f3ria atrav\u00e9s do Grupo Golden Guitar, a Eagle \u00e9 uma marca brasileira que oferece qualidade, versatilidade e inspira\u00e7\u00e3o para m\u00fasicos de todos os n\u00edveis.<\/span><\/p>\n<p>Com uma linha completa de instrumentos, a Eagle \u00e9 refer\u00eancia em viol\u00f5es, guitarras e baixos el\u00e9tricos, combinando design, conforto e excelente sonoridade. A marca tamb\u00e9m se destaca no universo dos instrumentos de arco, com violinos, violas, violoncelos e baixos ac\u00fasticos \u2014 incluindo o consagrado violino VK 544, um verdadeiro \u00edcone entre estudantes e profissionais.<\/p>\n<p>Na \u00e1rea dos instrumentos de sopro, a Eagle oferece trompetes, trompas, trombones, flautas e uma linha de saxofones reconhecida por sua afina\u00e7\u00e3o precisa, proje\u00e7\u00e3o poderosa e resposta imediata.<\/p>\n<p>Cada instrumento Eagle carrega a miss\u00e3o de dar asas ao talento de quem toca \u2014 seja em casa, nos palcos ou nas salas de aula. Afinal, a sua m\u00fasica merece voar alto.<\/p>\n<p><b>Eagle \u2013 Asas para o seu talento.<\/b><\/p>\n<\/div><\/div><\/div><\/div><\/div>","protected":false},"excerpt":{"rendered":"","protected":false},"author":7,"featured_media":0,"parent":0,"menu_order":0,"comment_status":"closed","ping_status":"closed","template":"","meta":{"footnotes":""},"class_list":["post-3175","page","type-page","status-publish","hentry"],"_links":{"self":[{"href":"https:\/\/eagle.com.br\/en_us\/wp-json\/wp\/v2\/pages\/3175","targetHints":{"allow":["GET"]}}],"collection":[{"href":"https:\/\/eagle.com.br\/en_us\/wp-json\/wp\/v2\/pages"}],"about":[{"href":"https:\/\/eagle.com.br\/en_us\/wp-json\/wp\/v2\/types\/page"}],"author":[{"embeddable":true,"href":"https:\/\/eagle.com.br\/en_us\/wp-json\/wp\/v2\/users\/7"}],"replies":[{"embeddable":true,"href":"https:\/\/eagle.com.br\/en_us\/wp-json\/wp\/v2\/comments?post=3175"}],"version-history":[{"count":1,"href":"https:\/\/eagle.com.br\/en_us\/wp-json\/wp\/v2\/pages\/3175\/revisions"}],"predecessor-version":[{"id":26877,"href":"https:\/\/eagle.com.br\/en_us\/wp-json\/wp\/v2\/pages\/3175\/revisions\/26877"}],"wp:attachment":[{"href":"https:\/\/eagle.com.br\/en_us\/wp-json\/wp\/v2\/media?parent=3175"}],"curies":[{"name":"wp","href":"https:\/\/api.w.org\/{rel}","templated":true}]}}