{"id":2939,"date":"2020-01-14T11:25:54","date_gmt":"2020-01-14T11:25:54","guid":{"rendered":"http:\/\/eagle.com.br\/?page_id=2939"},"modified":"2020-08-25T14:11:33","modified_gmt":"2020-08-25T14:11:33","slug":"cavaquinhos","status":"publish","type":"page","link":"https:\/\/eagle.com.br\/en_us\/hofma\/cavaquinhos\/","title":{"rendered":"Cavaquinhos Hofma"},"content":{"rendered":"<div class=\"fusion-fullwidth fullwidth-box fusion-builder-row-1 nonhundred-percent-fullwidth non-hundred-percent-height-scrolling\" style=\"--awb-border-radius-top-left:0px;--awb-border-radius-top-right:0px;--awb-border-radius-bottom-right:0px;--awb-border-radius-bottom-left:0px;--awb-flex-wrap:wrap;\" ><div class=\"fusion-builder-row fusion-row\"><div class=\"fusion-layout-column fusion_builder_column fusion-builder-column-0 fusion_builder_column_1_1 1_1 fusion-one-full fusion-column-first fusion-column-last\" style=\"--awb-bg-size:cover;\"><div class=\"fusion-column-wrapper fusion-column-has-shadow fusion-flex-column-wrapper-legacy\"><div class=\"fusion-title title fusion-title-1 fusion-sep-none fusion-title-text fusion-title-size-two\" style=\"--awb-margin-top-small:0px;--awb-margin-right-small:0px;--awb-margin-bottom-small:20px;--awb-margin-left-small:0px;\"><h2 class=\"fusion-title-heading title-heading-left\" style=\"margin:0;\">Hofma<\/h2><\/div><div class=\"fusion-text fusion-text-1\"><p>Cavaquinhos com a reconhecida qualidade Hofma, em vers\u00e3o ac\u00fastica e eletroac\u00fastica.<\/p>\n<\/div><div class=\"fusion-recent-posts fusion-recent-posts-1 avada-container layout-default layout-columns-2\"><section class=\"fusion-columns columns fusion-columns-2 columns-2\"><article class=\"post fusion-column column col col-lg-6 col-md-6 col-sm-6\"><div class=\"fusion-flexslider fusion-flexslider-loading flexslider flexslider-hover-type-none\"><ul class=\"slides\"><li><a href=\"https:\/\/eagle.com.br\/en_us\/hcv30p\/\" aria-label=\"HCV 30P\" class=\"hover-type-none\"><img decoding=\"async\" width=\"600\" height=\"249\" src=\"https:\/\/eagle.com.br\/wp-content\/uploads\/hcv30p-cavaco-cavaquinho-eletroacustico-captacao-passiva-hofma-hcv30p-stnt-natural-acetinado-600-pixels.jpg\" class=\"attachment-full size-full\" alt=\"\" srcset=\"https:\/\/eagle.com.br\/wp-content\/uploads\/hcv30p-cavaco-cavaquinho-eletroacustico-captacao-passiva-hofma-hcv30p-stnt-natural-acetinado-600-pixels-200x83.jpg 200w, https:\/\/eagle.com.br\/wp-content\/uploads\/hcv30p-cavaco-cavaquinho-eletroacustico-captacao-passiva-hofma-hcv30p-stnt-natural-acetinado-600-pixels-400x166.jpg 400w, https:\/\/eagle.com.br\/wp-content\/uploads\/hcv30p-cavaco-cavaquinho-eletroacustico-captacao-passiva-hofma-hcv30p-stnt-natural-acetinado-600-pixels.jpg 600w\" sizes=\"(min-width: 2200px) 100vw, (min-width: 712px) 535px, (min-width: 640px) 712px, \" \/><\/a><\/li><\/ul><\/div><div class=\"recent-posts-content\"><h4 class=\"entry-title\"><a href=\"https:\/\/eagle.com.br\/en_us\/hcv30p\/\">HCV 30P<\/a><\/h4><p class=\"meta\"><\/p><p>Cavaquinho eletroac\u00fastico<\/p><\/div><\/article><article class=\"post fusion-column column col col-lg-6 col-md-6 col-sm-6\"><div class=\"fusion-flexslider fusion-flexslider-loading flexslider flexslider-hover-type-none\"><ul class=\"slides\"><li><a href=\"https:\/\/eagle.com.br\/en_us\/hcv30\/\" aria-label=\"HCV 30\" class=\"hover-type-none\"><img decoding=\"async\" width=\"600\" height=\"249\" src=\"https:\/\/eagle.com.br\/wp-content\/uploads\/hcv30-cavaco-cavaquinho-hofma-hcv30-stnt-natural-acetinado-600-pixels.jpg\" class=\"attachment-full size-full\" alt=\"\" srcset=\"https:\/\/eagle.com.br\/wp-content\/uploads\/hcv30-cavaco-cavaquinho-hofma-hcv30-stnt-natural-acetinado-600-pixels-200x83.jpg 200w, https:\/\/eagle.com.br\/wp-content\/uploads\/hcv30-cavaco-cavaquinho-hofma-hcv30-stnt-natural-acetinado-600-pixels-400x166.jpg 400w, https:\/\/eagle.com.br\/wp-content\/uploads\/hcv30-cavaco-cavaquinho-hofma-hcv30-stnt-natural-acetinado-600-pixels.jpg 600w\" sizes=\"(min-width: 2200px) 100vw, (min-width: 712px) 535px, (min-width: 640px) 712px, \" \/><\/a><\/li><\/ul><\/div><div class=\"recent-posts-content\"><h4 class=\"entry-title\"><a href=\"https:\/\/eagle.com.br\/en_us\/hcv30\/\">HCV 30<\/a><\/h4><p class=\"meta\"><\/p><p>Cavaquinho ac\u00fastico<\/p><\/div><\/article><\/section><\/div><div class=\"fusion-clearfix\"><\/div><\/div><\/div><\/div><\/div>","protected":false},"excerpt":{"rendered":"","protected":false},"author":7,"featured_media":0,"parent":3177,"menu_order":0,"comment_status":"closed","ping_status":"closed","template":"100-width.php","meta":{"footnotes":""},"class_list":["post-2939","page","type-page","status-publish","hentry"],"_links":{"self":[{"href":"https:\/\/eagle.com.br\/en_us\/wp-json\/wp\/v2\/pages\/2939","targetHints":{"allow":["GET"]}}],"collection":[{"href":"https:\/\/eagle.com.br\/en_us\/wp-json\/wp\/v2\/pages"}],"about":[{"href":"https:\/\/eagle.com.br\/en_us\/wp-json\/wp\/v2\/types\/page"}],"author":[{"embeddable":true,"href":"https:\/\/eagle.com.br\/en_us\/wp-json\/wp\/v2\/users\/7"}],"replies":[{"embeddable":true,"href":"https:\/\/eagle.com.br\/en_us\/wp-json\/wp\/v2\/comments?post=2939"}],"version-history":[{"count":0,"href":"https:\/\/eagle.com.br\/en_us\/wp-json\/wp\/v2\/pages\/2939\/revisions"}],"up":[{"embeddable":true,"href":"https:\/\/eagle.com.br\/en_us\/wp-json\/wp\/v2\/pages\/3177"}],"wp:attachment":[{"href":"https:\/\/eagle.com.br\/en_us\/wp-json\/wp\/v2\/media?parent=2939"}],"curies":[{"name":"wp","href":"https:\/\/api.w.org\/{rel}","templated":true}]}}