{"id":2892,"date":"2020-01-13T19:38:15","date_gmt":"2020-01-13T19:38:15","guid":{"rendered":"http:\/\/eagle.com.br\/?page_id=2892"},"modified":"2025-06-05T13:15:58","modified_gmt":"2025-06-05T16:15:58","slug":"saxofones","status":"publish","type":"page","link":"https:\/\/eagle.com.br\/en_us\/hofma\/saxofones\/","title":{"rendered":"Saxofones Hofma"},"content":{"rendered":"<div class=\"fusion-fullwidth fullwidth-box fusion-builder-row-1 nonhundred-percent-fullwidth non-hundred-percent-height-scrolling\" style=\"--awb-border-radius-top-left:0px;--awb-border-radius-top-right:0px;--awb-border-radius-bottom-right:0px;--awb-border-radius-bottom-left:0px;--awb-flex-wrap:wrap;\" ><div class=\"fusion-builder-row fusion-row\"><div class=\"fusion-layout-column fusion_builder_column fusion-builder-column-0 fusion_builder_column_1_1 1_1 fusion-one-full fusion-column-first fusion-column-last\" style=\"--awb-bg-blend:overlay;--awb-bg-size:cover;\"><div class=\"fusion-column-wrapper fusion-column-has-shadow fusion-flex-column-wrapper-legacy\"><div class=\"fusion-title title fusion-title-1 fusion-sep-none fusion-title-text fusion-title-size-two\" style=\"--awb-margin-top-small:0px;--awb-margin-right-small:0px;--awb-margin-bottom-small:20px;--awb-margin-left-small:0px;\"><h2 class=\"fusion-title-heading title-heading-left\" style=\"margin:0;\">Hofma<\/h2><\/div><div class=\"fusion-text fusion-text-1\" style=\"--awb-content-alignment:left;\"><p>A Hofma apresenta sua linha de saxofones, produzida com o mesmo compromisso que consolidou a marca no mercado musical: entregar qualidade sonora, constru\u00e7\u00e3o confi\u00e1vel e acabamento dur\u00e1vel \u2014 tudo isso por um pre\u00e7o competitivo que s\u00f3 a Hofma \u00e9 capaz de proporcionar.<\/p>\n<p>Desenvolvidos para m\u00fasicos que desejam evoluir com seguran\u00e7a, os saxofones Hofma aliam afina\u00e7\u00e3o precisa e conforto na execu\u00e7\u00e3o. Uma combina\u00e7\u00e3o de durabilidade e tocabilidade para oferecer uma experi\u00eancia musical consistente desde o in\u00edcio.<\/p>\n<p>&nbsp;<\/p>\n<\/div><div class=\"fusion-recent-posts fusion-recent-posts-1 avada-container layout-default layout-columns-4\"><section class=\"fusion-columns columns fusion-columns-4 columns-4\"><article class=\"post fusion-column column col col-lg-3 col-md-3 col-sm-3\"><div class=\"fusion-flexslider fusion-flexslider-loading flexslider flexslider-hover-type-none\"><ul class=\"slides\"><li><a href=\"https:\/\/eagle.com.br\/en_us\/hsa400\/\" aria-label=\"HSA 400\" class=\"hover-type-none\"><img decoding=\"async\" width=\"300\" height=\"450\" src=\"https:\/\/eagle.com.br\/wp-content\/uploads\/hsa400-saxofone-alto-hofma-laqueado-dourado-lista.jpg\" class=\"attachment-full size-full\" alt=\"\" srcset=\"https:\/\/eagle.com.br\/wp-content\/uploads\/hsa400-saxofone-alto-hofma-laqueado-dourado-lista-200x300.jpg 200w, https:\/\/eagle.com.br\/wp-content\/uploads\/hsa400-saxofone-alto-hofma-laqueado-dourado-lista.jpg 300w\" sizes=\"(min-width: 2200px) 100vw, (min-width: 856px) 253px, (min-width: 784px) 337px, (min-width: 712px) 505px, (min-width: 640px) 712px, \" \/><\/a><\/li><\/ul><\/div><div class=\"recent-posts-content\"><h4 class=\"entry-title\"><a href=\"https:\/\/eagle.com.br\/en_us\/hsa400\/\">HSA 400<\/a><\/h4><p class=\"meta\"><\/p><p>Saxofone alto<\/p><\/div><\/article><article class=\"post fusion-column column col col-lg-3 col-md-3 col-sm-3\"><div class=\"fusion-flexslider fusion-flexslider-loading flexslider flexslider-hover-type-none\"><ul class=\"slides\"><li><a href=\"https:\/\/eagle.com.br\/en_us\/hst403\/\" aria-label=\"HST 403\" class=\"hover-type-none\"><img decoding=\"async\" width=\"300\" height=\"450\" src=\"https:\/\/eagle.com.br\/wp-content\/uploads\/hst403-saxofone-tenor-hofma-laqueado-dourado-lista.jpg\" class=\"attachment-full size-full\" alt=\"\" srcset=\"https:\/\/eagle.com.br\/wp-content\/uploads\/hst403-saxofone-tenor-hofma-laqueado-dourado-lista-200x300.jpg 200w, https:\/\/eagle.com.br\/wp-content\/uploads\/hst403-saxofone-tenor-hofma-laqueado-dourado-lista.jpg 300w\" sizes=\"(min-width: 2200px) 100vw, (min-width: 856px) 253px, (min-width: 784px) 337px, (min-width: 712px) 505px, (min-width: 640px) 712px, \" \/><\/a><\/li><\/ul><\/div><div class=\"recent-posts-content\"><h4 class=\"entry-title\"><a href=\"https:\/\/eagle.com.br\/en_us\/hst403\/\">HST 403<\/a><\/h4><p class=\"meta\"><\/p><p>Saxofone tenor<\/p><\/div><\/article><\/section><\/div><div class=\"fusion-clearfix\"><\/div><\/div><\/div><\/div><\/div>","protected":false},"excerpt":{"rendered":"","protected":false},"author":7,"featured_media":0,"parent":3177,"menu_order":0,"comment_status":"closed","ping_status":"closed","template":"100-width.php","meta":{"footnotes":""},"class_list":["post-2892","page","type-page","status-publish","hentry"],"_links":{"self":[{"href":"https:\/\/eagle.com.br\/en_us\/wp-json\/wp\/v2\/pages\/2892","targetHints":{"allow":["GET"]}}],"collection":[{"href":"https:\/\/eagle.com.br\/en_us\/wp-json\/wp\/v2\/pages"}],"about":[{"href":"https:\/\/eagle.com.br\/en_us\/wp-json\/wp\/v2\/types\/page"}],"author":[{"embeddable":true,"href":"https:\/\/eagle.com.br\/en_us\/wp-json\/wp\/v2\/users\/7"}],"replies":[{"embeddable":true,"href":"https:\/\/eagle.com.br\/en_us\/wp-json\/wp\/v2\/comments?post=2892"}],"version-history":[{"count":4,"href":"https:\/\/eagle.com.br\/en_us\/wp-json\/wp\/v2\/pages\/2892\/revisions"}],"predecessor-version":[{"id":26776,"href":"https:\/\/eagle.com.br\/en_us\/wp-json\/wp\/v2\/pages\/2892\/revisions\/26776"}],"up":[{"embeddable":true,"href":"https:\/\/eagle.com.br\/en_us\/wp-json\/wp\/v2\/pages\/3177"}],"wp:attachment":[{"href":"https:\/\/eagle.com.br\/en_us\/wp-json\/wp\/v2\/media?parent=2892"}],"curies":[{"name":"wp","href":"https:\/\/api.w.org\/{rel}","templated":true}]}}