{"id":2853,"date":"2020-01-13T19:18:19","date_gmt":"2020-01-13T19:18:19","guid":{"rendered":"http:\/\/eagle.com.br\/?page_id=2853"},"modified":"2020-11-17T15:20:41","modified_gmt":"2020-11-17T18:20:41","slug":"violoncelos","status":"publish","type":"page","link":"https:\/\/eagle.com.br\/en_us\/hofma\/violoncelos\/","title":{"rendered":"Violoncelos Hofma"},"content":{"rendered":"<div class=\"fusion-fullwidth fullwidth-box fusion-builder-row-1 nonhundred-percent-fullwidth non-hundred-percent-height-scrolling\" style=\"--awb-border-radius-top-left:0px;--awb-border-radius-top-right:0px;--awb-border-radius-bottom-right:0px;--awb-border-radius-bottom-left:0px;--awb-flex-wrap:wrap;\" ><div class=\"fusion-builder-row fusion-row\"><div class=\"fusion-layout-column fusion_builder_column fusion-builder-column-0 fusion_builder_column_1_1 1_1 fusion-one-full fusion-column-first fusion-column-last\" style=\"--awb-bg-size:cover;\"><div class=\"fusion-column-wrapper fusion-column-has-shadow fusion-flex-column-wrapper-legacy\"><div class=\"fusion-title title fusion-title-1 fusion-sep-none fusion-title-text fusion-title-size-three\" style=\"--awb-margin-top-small:0px;--awb-margin-right-small:0px;--awb-margin-bottom-small:20px;--awb-margin-left-small:0px;\"><h3 class=\"fusion-title-heading title-heading-left\" style=\"margin:0;\">Classic Series<\/h3><\/div><div class=\"fusion-text fusion-text-1\"><p>Violoncelos reconhecidos pela \u00f3tima constru\u00e7\u00e3o e sonoridade dentro de seu segmento. Produzidos artesanalmente com o devido cuidado e aten\u00e7\u00e3o para atender m\u00fasicos iniciantes e at\u00e9 mesmo que trabalham e vivem da m\u00fasica.<\/p>\n<\/div><div class=\"fusion-clearfix\"><\/div><\/div><\/div><div class=\"fusion-layout-column fusion_builder_column fusion-builder-column-1 fusion_builder_column_1_2 1_2 fusion-one-half fusion-column-first\" style=\"--awb-bg-size:cover;width:50%;width:calc(50% - ( ( 4% ) * 0.5 ) );margin-right: 4%;\"><div class=\"fusion-column-wrapper fusion-column-has-shadow fusion-flex-column-wrapper-legacy\"><div class=\"fusion-recent-posts fusion-recent-posts-1 avada-container layout-default layout-columns-3\"><section class=\"fusion-columns columns fusion-columns-3 columns-3\"><article class=\"post fusion-column column col col-lg-4 col-md-4 col-sm-4\"><div class=\"fusion-flexslider fusion-flexslider-loading flexslider flexslider-hover-type-none\"><ul class=\"slides\"><li><a href=\"https:\/\/eagle.com.br\/en_us\/hce110\/\" aria-label=\"HCE 110\" class=\"hover-type-none\"><img decoding=\"async\" width=\"158\" height=\"450\" src=\"https:\/\/eagle.com.br\/wp-content\/uploads\/hce110-violoncelo-eagle-hce110-visao-frontal-450-pixels.jpg\" class=\"attachment-full size-full\" alt=\"\" \/><\/a><\/li><\/ul><\/div><div class=\"recent-posts-content\"><h4 class=\"entry-title\"><a href=\"https:\/\/eagle.com.br\/en_us\/hce110\/\">HCE 110<\/a><\/h4><p class=\"meta\"><\/p><p>Violoncelo 4\/4<\/p><\/div><\/article><article class=\"post fusion-column column col col-lg-4 col-md-4 col-sm-4\"><div class=\"fusion-flexslider fusion-flexslider-loading flexslider flexslider-hover-type-none\"><ul class=\"slides\"><li><a href=\"https:\/\/eagle.com.br\/en_us\/hce100\/\" aria-label=\"HCE 100\" class=\"hover-type-none\"><img decoding=\"async\" width=\"155\" height=\"450\" src=\"https:\/\/eagle.com.br\/wp-content\/uploads\/hce100-violoncelo-eagle-hce100-visao-frontal-450-pixels.jpg\" class=\"attachment-full size-full\" alt=\"\" \/><\/a><\/li><\/ul><\/div><div class=\"recent-posts-content\"><h4 class=\"entry-title\"><a href=\"https:\/\/eagle.com.br\/en_us\/hce100\/\">HCE 100<\/a><\/h4><p class=\"meta\"><\/p><p>Violoncelo 4\/4<\/p><\/div><\/article><\/section><\/div><div class=\"fusion-clearfix\"><\/div><\/div><\/div><\/div><\/div>","protected":false},"excerpt":{"rendered":"","protected":false},"author":7,"featured_media":0,"parent":3177,"menu_order":0,"comment_status":"closed","ping_status":"closed","template":"100-width.php","meta":{"footnotes":""},"class_list":["post-2853","page","type-page","status-publish","hentry"],"_links":{"self":[{"href":"https:\/\/eagle.com.br\/en_us\/wp-json\/wp\/v2\/pages\/2853","targetHints":{"allow":["GET"]}}],"collection":[{"href":"https:\/\/eagle.com.br\/en_us\/wp-json\/wp\/v2\/pages"}],"about":[{"href":"https:\/\/eagle.com.br\/en_us\/wp-json\/wp\/v2\/types\/page"}],"author":[{"embeddable":true,"href":"https:\/\/eagle.com.br\/en_us\/wp-json\/wp\/v2\/users\/7"}],"replies":[{"embeddable":true,"href":"https:\/\/eagle.com.br\/en_us\/wp-json\/wp\/v2\/comments?post=2853"}],"version-history":[{"count":1,"href":"https:\/\/eagle.com.br\/en_us\/wp-json\/wp\/v2\/pages\/2853\/revisions"}],"predecessor-version":[{"id":28677,"href":"https:\/\/eagle.com.br\/en_us\/wp-json\/wp\/v2\/pages\/2853\/revisions\/28677"}],"up":[{"embeddable":true,"href":"https:\/\/eagle.com.br\/en_us\/wp-json\/wp\/v2\/pages\/3177"}],"wp:attachment":[{"href":"https:\/\/eagle.com.br\/en_us\/wp-json\/wp\/v2\/media?parent=2853"}],"curies":[{"name":"wp","href":"https:\/\/api.w.org\/{rel}","templated":true}]}}