{"id":2847,"date":"2020-01-13T19:12:15","date_gmt":"2020-01-13T22:12:15","guid":{"rendered":"http:\/\/eagle.com.br\/?page_id=2847"},"modified":"2025-02-16T11:24:11","modified_gmt":"2025-02-16T14:24:11","slug":"violinos","status":"publish","type":"page","link":"https:\/\/eagle.com.br\/en_us\/eagle\/violinos\/","title":{"rendered":"Violinos Eagle"},"content":{"rendered":"<p><div class=\"fusion-fullwidth fullwidth-box fusion-builder-row-1 nonhundred-percent-fullwidth non-hundred-percent-height-scrolling\" style=\"--awb-border-radius-top-left:0px;--awb-border-radius-top-right:0px;--awb-border-radius-bottom-right:0px;--awb-border-radius-bottom-left:0px;--awb-flex-wrap:wrap;\" ><div class=\"fusion-builder-row fusion-row\"><div class=\"fusion-layout-column fusion_builder_column fusion-builder-column-0 fusion_builder_column_1_1 1_1 fusion-one-full fusion-column-first fusion-column-last\" style=\"--awb-bg-blend:overlay;--awb-bg-size:cover;--awb-margin-bottom:40px;\"><div class=\"fusion-column-wrapper fusion-column-has-shadow fusion-flex-column-wrapper-legacy\"><div class=\"fusion-title title fusion-title-1 fusion-sep-none fusion-title-text fusion-title-size-two\" style=\"--awb-margin-top-small:0px;--awb-margin-right-small:0px;--awb-margin-bottom-small:20px;--awb-margin-left-small:0px;\"><h2 class=\"fusion-title-heading title-heading-left\" style=\"margin:0;\">Concerto Series<\/h2><\/div><div class=\"fusion-text fusion-text-1\"><p>A s\u00e9rie <em>premium<\/em> de violinos Eagle que \u00e9 refer\u00eancia de mercado. Produzidos em escala reduzida por nossos melhores artes\u00e3os com madeiras nobres selecionadas e acabamento refinado para garantir alto n\u00edvel sonoro e est\u00e9tico.<\/p>\n<\/div><div class=\"fusion-clearfix\"><\/div><\/div><\/div><\/div><\/div><div class=\"fusion-fullwidth fullwidth-box fusion-builder-row-2 fusion-flex-container nonhundred-percent-fullwidth non-hundred-percent-height-scrolling\" style=\"--awb-border-radius-top-left:0px;--awb-border-radius-top-right:0px;--awb-border-radius-bottom-right:0px;--awb-border-radius-bottom-left:0px;--awb-flex-wrap:wrap;\" ><div class=\"fusion-builder-row fusion-row fusion-flex-align-items-flex-start fusion-flex-content-wrap\" style=\"max-width:1144px;margin-left: calc(-4% \/ 2 );margin-right: calc(-4% \/ 2 );\"><div class=\"fusion-layout-column fusion_builder_column fusion-builder-column-1 fusion_builder_column_1_1 1_1 fusion-flex-column\" style=\"--awb-bg-size:cover;--awb-width-large:100%;--awb-margin-top-large:0px;--awb-spacing-right-large:1.92%;--awb-margin-bottom-large:0px;--awb-spacing-left-large:1.92%;--awb-width-medium:100%;--awb-order-medium:0;--awb-spacing-right-medium:1.92%;--awb-spacing-left-medium:1.92%;--awb-width-small:100%;--awb-order-small:0;--awb-spacing-right-small:1.92%;--awb-spacing-left-small:1.92%;\"><div class=\"fusion-column-wrapper fusion-column-has-shadow fusion-flex-justify-content-flex-start fusion-content-layout-column\"><div class=\"fusion-recent-posts fusion-recent-posts-1 avada-container layout-default layout-columns-2 fusion-recent-posts-center\"><section class=\"fusion-columns columns fusion-columns-2 columns-2\"><article class=\"post fusion-column column col col-lg-6 col-md-6 col-sm-6\"><div class=\"fusion-flexslider fusion-flexslider-loading flexslider flexslider-hover-type-none\"><ul class=\"slides\"><li><a href=\"https:\/\/eagle.com.br\/en_us\/vk544\/\" aria-label=\"VK 544\" class=\"hover-type-none\"><img decoding=\"async\" width=\"600\" height=\"205\" src=\"https:\/\/eagle.com.br\/wp-content\/uploads\/vk544-violino-eagle-vk544-600-pixels.jpg\" class=\"attachment-full size-full\" alt=\"\" srcset=\"https:\/\/eagle.com.br\/wp-content\/uploads\/vk544-violino-eagle-vk544-600-pixels-200x68.jpg 200w, https:\/\/eagle.com.br\/wp-content\/uploads\/vk544-violino-eagle-vk544-600-pixels-400x137.jpg 400w, https:\/\/eagle.com.br\/wp-content\/uploads\/vk544-violino-eagle-vk544-600-pixels.jpg 600w\" sizes=\"(min-width: 2200px) 100vw, (min-width: 712px) 535px, (min-width: 640px) 712px, \" \/><\/a><\/li><\/ul><\/div><div class=\"recent-posts-content\"><h4 class=\"entry-title\"><a href=\"https:\/\/eagle.com.br\/en_us\/vk544\/\">VK 544<\/a><\/h4><\/div><\/article><article class=\"post fusion-column column col col-lg-6 col-md-6 col-sm-6\"><div class=\"fusion-flexslider fusion-flexslider-loading flexslider flexslider-hover-type-none\"><ul class=\"slides\"><li><a href=\"https:\/\/eagle.com.br\/en_us\/vk644\/\" aria-label=\"VK 644\" class=\"hover-type-none\"><img decoding=\"async\" width=\"600\" height=\"205\" src=\"https:\/\/eagle.com.br\/wp-content\/uploads\/vk644-violino-eagle-vk644-600-pixels.jpg\" class=\"attachment-full size-full\" alt=\"\" srcset=\"https:\/\/eagle.com.br\/wp-content\/uploads\/vk644-violino-eagle-vk644-600-pixels-200x68.jpg 200w, https:\/\/eagle.com.br\/wp-content\/uploads\/vk644-violino-eagle-vk644-600-pixels-400x137.jpg 400w, https:\/\/eagle.com.br\/wp-content\/uploads\/vk644-violino-eagle-vk644-600-pixels.jpg 600w\" sizes=\"(min-width: 2200px) 100vw, (min-width: 712px) 535px, (min-width: 640px) 712px, \" \/><\/a><\/li><\/ul><\/div><div class=\"recent-posts-content\"><h4 class=\"entry-title\"><a href=\"https:\/\/eagle.com.br\/en_us\/vk644\/\">VK 644<\/a><\/h4><\/div><\/article><article class=\"post fusion-column column col col-lg-6 col-md-6 col-sm-6\"><div class=\"fusion-flexslider fusion-flexslider-loading flexslider flexslider-hover-type-none\"><ul class=\"slides\"><li><a href=\"https:\/\/eagle.com.br\/en_us\/vk844\/\" aria-label=\"VK 844\" class=\"hover-type-none\"><img decoding=\"async\" width=\"600\" height=\"204\" src=\"https:\/\/eagle.com.br\/wp-content\/uploads\/vk844-violino-eagle-concerto-series-VK844-lista.jpg\" class=\"attachment-full size-full\" alt=\"\" srcset=\"https:\/\/eagle.com.br\/wp-content\/uploads\/vk844-violino-eagle-concerto-series-VK844-lista-200x68.jpg 200w, https:\/\/eagle.com.br\/wp-content\/uploads\/vk844-violino-eagle-concerto-series-VK844-lista-400x136.jpg 400w, https:\/\/eagle.com.br\/wp-content\/uploads\/vk844-violino-eagle-concerto-series-VK844-lista.jpg 600w\" sizes=\"(min-width: 2200px) 100vw, (min-width: 712px) 535px, (min-width: 640px) 712px, \" \/><\/a><\/li><\/ul><\/div><div class=\"recent-posts-content\"><h4 class=\"entry-title\"><a href=\"https:\/\/eagle.com.br\/en_us\/vk844\/\">VK 844<\/a><\/h4><\/div><\/article><\/section><\/div><\/div><\/div><\/div><\/div><div class=\"fusion-fullwidth fullwidth-box fusion-builder-row-3 nonhundred-percent-fullwidth non-hundred-percent-height-scrolling\" style=\"--awb-border-radius-top-left:0px;--awb-border-radius-top-right:0px;--awb-border-radius-bottom-right:0px;--awb-border-radius-bottom-left:0px;--awb-flex-wrap:wrap;\" ><div class=\"fusion-builder-row fusion-row\"><div class=\"fusion-layout-column fusion_builder_column fusion-builder-column-2 fusion_builder_column_1_1 1_1 fusion-one-full fusion-column-first fusion-column-last\" style=\"--awb-bg-blend:overlay;--awb-bg-size:cover;--awb-margin-bottom:40px;\"><div class=\"fusion-column-wrapper fusion-column-has-shadow fusion-flex-column-wrapper-legacy\"><div class=\"fusion-title title fusion-title-2 fusion-sep-none fusion-title-text fusion-title-size-two\" style=\"--awb-margin-top-small:0px;--awb-margin-right-small:0px;--awb-margin-bottom-small:20px;--awb-margin-left-small:0px;\"><h2 class=\"fusion-title-heading title-heading-left\" style=\"margin:0;\">Master Series<\/h2><\/div><div class=\"fusion-text fusion-text-2\"><p>Com sonoridade e qualidade de constru\u00e7\u00e3o superiores, nossa s\u00e9rie <em>Master<\/em> de violinos conta com modelos que estabeleceram novos padr\u00f5es de mercado, sempre recomendados por professores e m\u00fasicos experientes.<\/p>\n<\/div><div class=\"fusion-clearfix\"><\/div><\/div><\/div><\/div><\/div><div class=\"fusion-fullwidth fullwidth-box fusion-builder-row-4 fusion-flex-container nonhundred-percent-fullwidth non-hundred-percent-height-scrolling\" style=\"--awb-border-radius-top-left:0px;--awb-border-radius-top-right:0px;--awb-border-radius-bottom-right:0px;--awb-border-radius-bottom-left:0px;--awb-flex-wrap:wrap;\" ><div class=\"fusion-builder-row fusion-row fusion-flex-align-items-flex-start fusion-flex-content-wrap\" style=\"max-width:1144px;margin-left: calc(-4% \/ 2 );margin-right: calc(-4% \/ 2 );\"><div class=\"fusion-layout-column fusion_builder_column fusion-builder-column-3 fusion_builder_column_1_1 1_1 fusion-flex-column\" style=\"--awb-bg-size:cover;--awb-width-large:100%;--awb-margin-top-large:0px;--awb-spacing-right-large:1.92%;--awb-margin-bottom-large:40px;--awb-spacing-left-large:1.92%;--awb-width-medium:100%;--awb-order-medium:0;--awb-spacing-right-medium:1.92%;--awb-spacing-left-medium:1.92%;--awb-width-small:100%;--awb-order-small:0;--awb-spacing-right-small:1.92%;--awb-spacing-left-small:1.92%;\"><div class=\"fusion-column-wrapper fusion-column-has-shadow fusion-flex-justify-content-flex-start fusion-content-layout-column\"><div class=\"fusion-recent-posts fusion-recent-posts-2 avada-container layout-default layout-columns-2 fusion-recent-posts-center\"><section class=\"fusion-columns columns fusion-columns-2 columns-2\"><article class=\"post fusion-column column col col-lg-6 col-md-6 col-sm-6\"><div class=\"fusion-flexslider fusion-flexslider-loading flexslider flexslider-hover-type-none\"><ul class=\"slides\"><li><a href=\"https:\/\/eagle.com.br\/en_us\/ve144\/\" aria-label=\"VE 144\" class=\"hover-type-none\"><img decoding=\"async\" width=\"600\" height=\"202\" src=\"https:\/\/eagle.com.br\/wp-content\/uploads\/ve144-violino-eagle-ve144-600-pixels.jpg\" class=\"attachment-full size-full\" alt=\"\" srcset=\"https:\/\/eagle.com.br\/wp-content\/uploads\/ve144-violino-eagle-ve144-600-pixels-200x67.jpg 200w, https:\/\/eagle.com.br\/wp-content\/uploads\/ve144-violino-eagle-ve144-600-pixels-400x135.jpg 400w, https:\/\/eagle.com.br\/wp-content\/uploads\/ve144-violino-eagle-ve144-600-pixels.jpg 600w\" sizes=\"(min-width: 2200px) 100vw, (min-width: 712px) 535px, (min-width: 640px) 712px, \" \/><\/a><\/li><\/ul><\/div><div class=\"recent-posts-content\"><h4 class=\"entry-title\"><a href=\"https:\/\/eagle.com.br\/en_us\/ve144\/\">VE 144<\/a><\/h4><\/div><\/article><article class=\"post fusion-column column col col-lg-6 col-md-6 col-sm-6\"><div class=\"fusion-flexslider fusion-flexslider-loading flexslider flexslider-hover-type-none\"><ul class=\"slides\"><li><a href=\"https:\/\/eagle.com.br\/en_us\/ve145\/\" aria-label=\"VE 145\" class=\"hover-type-none\"><img decoding=\"async\" width=\"600\" height=\"204\" src=\"https:\/\/eagle.com.br\/wp-content\/uploads\/ve145-violino-eagle-ve145-600-pixels.jpg\" class=\"attachment-full size-full\" alt=\"\" srcset=\"https:\/\/eagle.com.br\/wp-content\/uploads\/ve145-violino-eagle-ve145-600-pixels-200x68.jpg 200w, https:\/\/eagle.com.br\/wp-content\/uploads\/ve145-violino-eagle-ve145-600-pixels-400x136.jpg 400w, https:\/\/eagle.com.br\/wp-content\/uploads\/ve145-violino-eagle-ve145-600-pixels.jpg 600w\" sizes=\"(min-width: 2200px) 100vw, (min-width: 712px) 535px, (min-width: 640px) 712px, \" \/><\/a><\/li><\/ul><\/div><div class=\"recent-posts-content\"><h4 class=\"entry-title\"><a href=\"https:\/\/eagle.com.br\/en_us\/ve145\/\">VE 145<\/a><\/h4><\/div><\/article><article class=\"post fusion-column column col col-lg-6 col-md-6 col-sm-6\"><div class=\"fusion-flexslider fusion-flexslider-loading flexslider flexslider-hover-type-none\"><ul class=\"slides\"><li><a href=\"https:\/\/eagle.com.br\/en_us\/ve244\/\" aria-label=\"VE 244\" class=\"hover-type-none\"><img decoding=\"async\" width=\"600\" height=\"210\" src=\"https:\/\/eagle.com.br\/wp-content\/uploads\/violino-44-ebano-eagle-classic-series-VE-244-listagem.jpg\" class=\"attachment-full size-full\" alt=\"\" srcset=\"https:\/\/eagle.com.br\/wp-content\/uploads\/violino-44-ebano-eagle-classic-series-VE-244-listagem-200x70.jpg 200w, https:\/\/eagle.com.br\/wp-content\/uploads\/violino-44-ebano-eagle-classic-series-VE-244-listagem-400x140.jpg 400w, https:\/\/eagle.com.br\/wp-content\/uploads\/violino-44-ebano-eagle-classic-series-VE-244-listagem.jpg 600w\" sizes=\"(min-width: 2200px) 100vw, (min-width: 712px) 535px, (min-width: 640px) 712px, \" \/><\/a><\/li><\/ul><\/div><div class=\"recent-posts-content\"><h4 class=\"entry-title\"><a href=\"https:\/\/eagle.com.br\/en_us\/ve244\/\">VE 244<\/a><\/h4><\/div><\/article><article class=\"post fusion-column column col col-lg-6 col-md-6 col-sm-6\"><div class=\"fusion-flexslider fusion-flexslider-loading flexslider flexslider-hover-type-none\"><ul class=\"slides\"><li><a href=\"https:\/\/eagle.com.br\/en_us\/ve245\/\" aria-label=\"VE 245\" class=\"hover-type-none\"><img decoding=\"async\" width=\"600\" height=\"206\" src=\"https:\/\/eagle.com.br\/wp-content\/uploads\/ve245-violino-eagle-ve245-600-pixels.jpg\" class=\"attachment-full size-full\" alt=\"\" srcset=\"https:\/\/eagle.com.br\/wp-content\/uploads\/ve245-violino-eagle-ve245-600-pixels-200x69.jpg 200w, https:\/\/eagle.com.br\/wp-content\/uploads\/ve245-violino-eagle-ve245-600-pixels-400x137.jpg 400w, https:\/\/eagle.com.br\/wp-content\/uploads\/ve245-violino-eagle-ve245-600-pixels.jpg 600w\" sizes=\"(min-width: 2200px) 100vw, (min-width: 712px) 535px, (min-width: 640px) 712px, \" \/><\/a><\/li><\/ul><\/div><div class=\"recent-posts-content\"><h4 class=\"entry-title\"><a href=\"https:\/\/eagle.com.br\/en_us\/ve245\/\">VE 245<\/a><\/h4><\/div><\/article><article class=\"post fusion-column column col col-lg-6 col-md-6 col-sm-6\"><div class=\"fusion-flexslider fusion-flexslider-loading flexslider flexslider-hover-type-none\"><ul class=\"slides\"><li><a href=\"https:\/\/eagle.com.br\/en_us\/ev744\/\" aria-label=\"EV 744\" class=\"hover-type-none\"><img decoding=\"async\" width=\"600\" height=\"210\" src=\"https:\/\/eagle.com.br\/wp-content\/uploads\/ev744-violino-eagle-ev744-600-pixels.jpg\" class=\"attachment-full size-full\" alt=\"\" srcset=\"https:\/\/eagle.com.br\/wp-content\/uploads\/ev744-violino-eagle-ev744-600-pixels-200x70.jpg 200w, https:\/\/eagle.com.br\/wp-content\/uploads\/ev744-violino-eagle-ev744-600-pixels-400x140.jpg 400w, https:\/\/eagle.com.br\/wp-content\/uploads\/ev744-violino-eagle-ev744-600-pixels.jpg 600w\" sizes=\"(min-width: 2200px) 100vw, (min-width: 712px) 535px, (min-width: 640px) 712px, \" \/><\/a><\/li><\/ul><\/div><div class=\"recent-posts-content\"><h4 class=\"entry-title\"><a href=\"https:\/\/eagle.com.br\/en_us\/ev744\/\">EV 744<\/a><\/h4><\/div><\/article><\/section><\/div><\/div><\/div><\/div><\/div><div class=\"fusion-fullwidth fullwidth-box fusion-builder-row-5 nonhundred-percent-fullwidth non-hundred-percent-height-scrolling\" style=\"--awb-border-radius-top-left:0px;--awb-border-radius-top-right:0px;--awb-border-radius-bottom-right:0px;--awb-border-radius-bottom-left:0px;--awb-flex-wrap:wrap;\" ><div class=\"fusion-builder-row fusion-row\"><div class=\"fusion-layout-column fusion_builder_column fusion-builder-column-4 fusion_builder_column_1_1 1_1 fusion-one-full fusion-column-first fusion-column-last\" style=\"--awb-bg-blend:overlay;--awb-bg-size:cover;--awb-margin-bottom:40px;\"><div class=\"fusion-column-wrapper fusion-column-has-shadow fusion-flex-column-wrapper-legacy\"><div class=\"fusion-title title fusion-title-3 fusion-sep-none fusion-title-text fusion-title-size-two\" style=\"--awb-margin-top-small:0px;--awb-margin-right-small:0px;--awb-margin-bottom-small:20px;--awb-margin-left-small:0px;\"><h2 class=\"fusion-title-heading title-heading-left\" style=\"margin:0;\">Pro Series<\/h2><\/div><div class=\"fusion-text fusion-text-3\"><p>Instrumentos acess\u00edveis, fabricados com madeiras s\u00f3lidas, aprovados e amplamente indicados por professores como a melhor op\u00e7\u00e3o para atender do estudante iniciante ao m\u00fasico amador, com a reconhecida qualidade e durabilidade Eagle.<\/p>\n<\/div><div class=\"fusion-clearfix\"><\/div><\/div><\/div><\/div><\/div><div class=\"fusion-fullwidth fullwidth-box fusion-builder-row-6 fusion-flex-container nonhundred-percent-fullwidth non-hundred-percent-height-scrolling\" style=\"--awb-border-radius-top-left:0px;--awb-border-radius-top-right:0px;--awb-border-radius-bottom-right:0px;--awb-border-radius-bottom-left:0px;--awb-flex-wrap:wrap;\" ><div class=\"fusion-builder-row fusion-row fusion-flex-align-items-flex-start fusion-flex-content-wrap\" style=\"max-width:1144px;margin-left: calc(-4% \/ 2 );margin-right: calc(-4% \/ 2 );\"><div class=\"fusion-layout-column fusion_builder_column fusion-builder-column-5 fusion_builder_column_1_1 1_1 fusion-flex-column\" style=\"--awb-bg-size:cover;--awb-width-large:100%;--awb-margin-top-large:0px;--awb-spacing-right-large:1.92%;--awb-margin-bottom-large:40px;--awb-spacing-left-large:1.92%;--awb-width-medium:100%;--awb-order-medium:0;--awb-spacing-right-medium:1.92%;--awb-spacing-left-medium:1.92%;--awb-width-small:100%;--awb-order-small:0;--awb-spacing-right-small:1.92%;--awb-spacing-left-small:1.92%;\"><div class=\"fusion-column-wrapper fusion-column-has-shadow fusion-flex-justify-content-flex-start fusion-content-layout-column\"><div class=\"fusion-recent-posts fusion-recent-posts-3 avada-container layout-default layout-columns-2 fusion-recent-posts-center\"><section class=\"fusion-columns columns fusion-columns-2 columns-2\"><article class=\"post fusion-column column col col-lg-6 col-md-6 col-sm-6\"><div class=\"fusion-flexslider fusion-flexslider-loading flexslider flexslider-hover-type-none\"><ul class=\"slides\"><li><a href=\"https:\/\/eagle.com.br\/en_us\/ve421\/\" aria-label=\"VE 421\" class=\"hover-type-none\"><img decoding=\"async\" width=\"600\" height=\"202\" src=\"https:\/\/eagle.com.br\/wp-content\/uploads\/ve431-violino-eagle-ve431-600-pixels.jpg\" class=\"attachment-full size-full\" alt=\"\" srcset=\"https:\/\/eagle.com.br\/wp-content\/uploads\/ve431-violino-eagle-ve431-600-pixels-200x67.jpg 200w, https:\/\/eagle.com.br\/wp-content\/uploads\/ve431-violino-eagle-ve431-600-pixels-400x135.jpg 400w, https:\/\/eagle.com.br\/wp-content\/uploads\/ve431-violino-eagle-ve431-600-pixels.jpg 600w\" sizes=\"(min-width: 2200px) 100vw, (min-width: 712px) 535px, (min-width: 640px) 712px, \" \/><\/a><\/li><\/ul><\/div><div class=\"recent-posts-content\"><h4 class=\"entry-title\"><a href=\"https:\/\/eagle.com.br\/en_us\/ve421\/\">VE 421<\/a><\/h4><\/div><\/article><article class=\"post fusion-column column col col-lg-6 col-md-6 col-sm-6\"><div class=\"fusion-flexslider fusion-flexslider-loading flexslider flexslider-hover-type-none\"><ul class=\"slides\"><li><a href=\"https:\/\/eagle.com.br\/en_us\/ve431\/\" aria-label=\"VE 431\" class=\"hover-type-none\"><img decoding=\"async\" width=\"600\" height=\"202\" src=\"https:\/\/eagle.com.br\/wp-content\/uploads\/ve431-violino-eagle-ve431-600-pixels.jpg\" class=\"attachment-full size-full\" alt=\"\" srcset=\"https:\/\/eagle.com.br\/wp-content\/uploads\/ve431-violino-eagle-ve431-600-pixels-200x67.jpg 200w, https:\/\/eagle.com.br\/wp-content\/uploads\/ve431-violino-eagle-ve431-600-pixels-400x135.jpg 400w, https:\/\/eagle.com.br\/wp-content\/uploads\/ve431-violino-eagle-ve431-600-pixels.jpg 600w\" sizes=\"(min-width: 2200px) 100vw, (min-width: 712px) 535px, (min-width: 640px) 712px, \" \/><\/a><\/li><\/ul><\/div><div class=\"recent-posts-content\"><h4 class=\"entry-title\"><a href=\"https:\/\/eagle.com.br\/en_us\/ve431\/\">VE 431<\/a><\/h4><\/div><\/article><article class=\"post fusion-column column col col-lg-6 col-md-6 col-sm-6\"><div class=\"fusion-flexslider fusion-flexslider-loading flexslider flexslider-hover-type-none\"><ul class=\"slides\"><li><a href=\"https:\/\/eagle.com.br\/en_us\/ve441\/\" aria-label=\"VE 441\" class=\"hover-type-none\"><img decoding=\"async\" width=\"600\" height=\"205\" src=\"https:\/\/eagle.com.br\/wp-content\/uploads\/ve441-violino-eagle-ve441-600-pixels.jpg\" class=\"attachment-full size-full\" alt=\"\" srcset=\"https:\/\/eagle.com.br\/wp-content\/uploads\/ve441-violino-eagle-ve441-600-pixels-200x68.jpg 200w, https:\/\/eagle.com.br\/wp-content\/uploads\/ve441-violino-eagle-ve441-600-pixels-400x137.jpg 400w, https:\/\/eagle.com.br\/wp-content\/uploads\/ve441-violino-eagle-ve441-600-pixels.jpg 600w\" sizes=\"(min-width: 2200px) 100vw, (min-width: 712px) 535px, (min-width: 640px) 712px, \" \/><\/a><\/li><\/ul><\/div><div class=\"recent-posts-content\"><h4 class=\"entry-title\"><a href=\"https:\/\/eagle.com.br\/en_us\/ve441\/\">VE 441<\/a><\/h4><\/div><\/article><\/section><\/div><\/div><\/div><\/div><\/div><\/p>","protected":false},"excerpt":{"rendered":"","protected":false},"author":7,"featured_media":0,"parent":3175,"menu_order":0,"comment_status":"closed","ping_status":"closed","template":"100-width.php","meta":{"footnotes":""},"class_list":["post-2847","page","type-page","status-publish","hentry"],"_links":{"self":[{"href":"https:\/\/eagle.com.br\/en_us\/wp-json\/wp\/v2\/pages\/2847","targetHints":{"allow":["GET"]}}],"collection":[{"href":"https:\/\/eagle.com.br\/en_us\/wp-json\/wp\/v2\/pages"}],"about":[{"href":"https:\/\/eagle.com.br\/en_us\/wp-json\/wp\/v2\/types\/page"}],"author":[{"embeddable":true,"href":"https:\/\/eagle.com.br\/en_us\/wp-json\/wp\/v2\/users\/7"}],"replies":[{"embeddable":true,"href":"https:\/\/eagle.com.br\/en_us\/wp-json\/wp\/v2\/comments?post=2847"}],"version-history":[{"count":5,"href":"https:\/\/eagle.com.br\/en_us\/wp-json\/wp\/v2\/pages\/2847\/revisions"}],"predecessor-version":[{"id":24830,"href":"https:\/\/eagle.com.br\/en_us\/wp-json\/wp\/v2\/pages\/2847\/revisions\/24830"}],"up":[{"embeddable":true,"href":"https:\/\/eagle.com.br\/en_us\/wp-json\/wp\/v2\/pages\/3175"}],"wp:attachment":[{"href":"https:\/\/eagle.com.br\/en_us\/wp-json\/wp\/v2\/media?parent=2847"}],"curies":[{"name":"wp","href":"https:\/\/api.w.org\/{rel}","templated":true}]}}