{"id":2840,"date":"2020-01-13T19:03:41","date_gmt":"2020-01-13T19:03:41","guid":{"rendered":"http:\/\/eagle.com.br\/?page_id=2840"},"modified":"2025-12-04T08:47:05","modified_gmt":"2025-12-04T11:47:05","slug":"baixos-acusticos","status":"publish","type":"page","link":"https:\/\/eagle.com.br\/en_us\/eagle\/baixos-acusticos\/","title":{"rendered":"Baixos Ac\u00fasticos Eagle"},"content":{"rendered":"<div class=\"fusion-fullwidth fullwidth-box fusion-builder-row-1 nonhundred-percent-fullwidth non-hundred-percent-height-scrolling\" style=\"--awb-border-radius-top-left:0px;--awb-border-radius-top-right:0px;--awb-border-radius-bottom-right:0px;--awb-border-radius-bottom-left:0px;--awb-flex-wrap:wrap;\" ><div class=\"fusion-builder-row fusion-row\"><div class=\"fusion-layout-column fusion_builder_column fusion-builder-column-0 fusion_builder_column_1_1 1_1 fusion-one-full fusion-column-first fusion-column-last\" style=\"--awb-bg-blend:overlay;--awb-bg-size:cover;--awb-margin-top:50px;--awb-margin-bottom:0px;\"><div class=\"fusion-column-wrapper fusion-column-has-shadow fusion-flex-column-wrapper-legacy\"><div class=\"fusion-text fusion-text-1\"><p>O gigante instrumento de cordas, \u00fanico sobrevivente da viola da gamba, \u00e9 personagem essencial em orquestras e bandas sinf\u00f4nicas, al\u00e9m de muito popular em grupos de jazz, MPB e <em>big bands<\/em> espalhadas pelo mundo. Os baixos ac\u00fasticos Eagle s\u00e3o constru\u00eddos com madeiras selecionadas para proporcionar um timbre sofisticado com tocabilidade excepcional.<\/p>\n<\/div><div class=\"fusion-title title fusion-title-1 fusion-sep-none fusion-title-text fusion-title-size-one\" style=\"--awb-margin-top-small:0px;--awb-margin-right-small:0px;--awb-margin-bottom-small:20px;--awb-margin-left-small:0px;\"><h1 class=\"fusion-title-heading title-heading-left\" style=\"margin:0;\">Master Series<\/h1><\/div><div class=\"fusion-recent-posts fusion-recent-posts-1 avada-container layout-default layout-columns-4\"><section class=\"fusion-columns columns fusion-columns-4 columns-4\"><article class=\"post fusion-column column col col-lg-3 col-md-3 col-sm-3\"><div class=\"fusion-flexslider fusion-flexslider-loading flexslider flexslider-hover-type-none\"><ul class=\"slides\"><li><a href=\"https:\/\/eagle.com.br\/en_us\/ba290\/\" aria-label=\"BA 290\" class=\"hover-type-none\"><img decoding=\"async\" width=\"228\" height=\"600\" src=\"https:\/\/eagle.com.br\/wp-content\/uploads\/ba290-baixo-acustico-eagle-master-series-lista.jpg\" class=\"attachment-full size-full\" alt=\"\" srcset=\"https:\/\/eagle.com.br\/wp-content\/uploads\/ba290-baixo-acustico-eagle-master-series-lista-200x526.jpg 200w, https:\/\/eagle.com.br\/wp-content\/uploads\/ba290-baixo-acustico-eagle-master-series-lista.jpg 228w\" sizes=\"(min-width: 2200px) 100vw, (min-width: 856px) 253px, (min-width: 784px) 337px, (min-width: 712px) 505px, (min-width: 640px) 712px, \" \/><\/a><\/li><\/ul><\/div><div class=\"recent-posts-content\"><h4 class=\"entry-title\"><a href=\"https:\/\/eagle.com.br\/en_us\/ba290\/\">BA 290<\/a><\/h4><\/div><\/article><article class=\"post fusion-column column col col-lg-3 col-md-3 col-sm-3\"><div class=\"fusion-flexslider fusion-flexslider-loading flexslider flexslider-hover-type-none\"><ul class=\"slides\"><li><a href=\"https:\/\/eagle.com.br\/en_us\/ba280\/\" aria-label=\"BA 280\" class=\"hover-type-none\"><img decoding=\"async\" width=\"226\" height=\"600\" src=\"https:\/\/eagle.com.br\/wp-content\/uploads\/ba280-baixo-acustico-eagle-master-series-lista.jpg\" class=\"attachment-full size-full\" alt=\"\" srcset=\"https:\/\/eagle.com.br\/wp-content\/uploads\/ba280-baixo-acustico-eagle-master-series-lista-200x531.jpg 200w, https:\/\/eagle.com.br\/wp-content\/uploads\/ba280-baixo-acustico-eagle-master-series-lista.jpg 226w\" sizes=\"(min-width: 2200px) 100vw, (min-width: 856px) 253px, (min-width: 784px) 337px, (min-width: 712px) 505px, (min-width: 640px) 712px, \" \/><\/a><\/li><\/ul><\/div><div class=\"recent-posts-content\"><h4 class=\"entry-title\"><a href=\"https:\/\/eagle.com.br\/en_us\/ba280\/\">BA 280<\/a><\/h4><\/div><\/article><\/section><\/div><div class=\"fusion-title title fusion-title-2 fusion-sep-none fusion-title-text fusion-title-size-one\" style=\"--awb-margin-top-small:0px;--awb-margin-right-small:0px;--awb-margin-bottom-small:20px;--awb-margin-left-small:0px;\"><h1 class=\"fusion-title-heading title-heading-left\" style=\"margin:0;\">Pro Series<\/h1><\/div><div class=\"fusion-recent-posts fusion-recent-posts-2 avada-container layout-default layout-columns-4\"><section class=\"fusion-columns columns fusion-columns-4 columns-4\"><article class=\"post fusion-column column col col-lg-3 col-md-3 col-sm-3\"><div class=\"fusion-flexslider fusion-flexslider-loading flexslider flexslider-hover-type-none\"><ul class=\"slides\"><li><a href=\"https:\/\/eagle.com.br\/en_us\/ba260\/\" aria-label=\"BA 260\" class=\"hover-type-none\"><img decoding=\"async\" width=\"226\" height=\"600\" src=\"https:\/\/eagle.com.br\/wp-content\/uploads\/ba260-baixo-acustico-eagle-classic-series-lista.jpg\" class=\"attachment-full size-full\" alt=\"\" srcset=\"https:\/\/eagle.com.br\/wp-content\/uploads\/ba260-baixo-acustico-eagle-classic-series-lista-200x531.jpg 200w, https:\/\/eagle.com.br\/wp-content\/uploads\/ba260-baixo-acustico-eagle-classic-series-lista.jpg 226w\" sizes=\"(min-width: 2200px) 100vw, (min-width: 856px) 253px, (min-width: 784px) 337px, (min-width: 712px) 505px, (min-width: 640px) 712px, \" \/><\/a><\/li><\/ul><\/div><div class=\"recent-posts-content\"><h4 class=\"entry-title\"><a href=\"https:\/\/eagle.com.br\/en_us\/ba260\/\">BA 260<\/a><\/h4><\/div><\/article><article class=\"post fusion-column column col col-lg-3 col-md-3 col-sm-3\"><div class=\"fusion-flexslider fusion-flexslider-loading flexslider flexslider-hover-type-none\"><ul class=\"slides\"><li><a href=\"https:\/\/eagle.com.br\/en_us\/ba250\/\" aria-label=\"BA 250\" class=\"hover-type-none\"><img decoding=\"async\" width=\"227\" height=\"600\" src=\"https:\/\/eagle.com.br\/wp-content\/uploads\/ba250-baixo-acustico-eagle-classic-series-lista.jpg\" class=\"attachment-full size-full\" alt=\"\" srcset=\"https:\/\/eagle.com.br\/wp-content\/uploads\/ba250-baixo-acustico-eagle-classic-series-lista-200x529.jpg 200w, https:\/\/eagle.com.br\/wp-content\/uploads\/ba250-baixo-acustico-eagle-classic-series-lista.jpg 227w\" sizes=\"(min-width: 2200px) 100vw, (min-width: 856px) 253px, (min-width: 784px) 337px, (min-width: 712px) 505px, (min-width: 640px) 712px, \" \/><\/a><\/li><\/ul><\/div><div class=\"recent-posts-content\"><h4 class=\"entry-title\"><a href=\"https:\/\/eagle.com.br\/en_us\/ba250\/\">BA 250<\/a><\/h4><\/div><\/article><\/section><\/div><div class=\"fusion-clearfix\"><\/div><\/div><\/div><\/div><\/div>","protected":false},"excerpt":{"rendered":"","protected":false},"author":7,"featured_media":0,"parent":3175,"menu_order":0,"comment_status":"closed","ping_status":"closed","template":"100-width.php","meta":{"footnotes":""},"class_list":["post-2840","page","type-page","status-publish","hentry"],"_links":{"self":[{"href":"https:\/\/eagle.com.br\/en_us\/wp-json\/wp\/v2\/pages\/2840","targetHints":{"allow":["GET"]}}],"collection":[{"href":"https:\/\/eagle.com.br\/en_us\/wp-json\/wp\/v2\/pages"}],"about":[{"href":"https:\/\/eagle.com.br\/en_us\/wp-json\/wp\/v2\/types\/page"}],"author":[{"embeddable":true,"href":"https:\/\/eagle.com.br\/en_us\/wp-json\/wp\/v2\/users\/7"}],"replies":[{"embeddable":true,"href":"https:\/\/eagle.com.br\/en_us\/wp-json\/wp\/v2\/comments?post=2840"}],"version-history":[{"count":6,"href":"https:\/\/eagle.com.br\/en_us\/wp-json\/wp\/v2\/pages\/2840\/revisions"}],"predecessor-version":[{"id":30121,"href":"https:\/\/eagle.com.br\/en_us\/wp-json\/wp\/v2\/pages\/2840\/revisions\/30121"}],"up":[{"embeddable":true,"href":"https:\/\/eagle.com.br\/en_us\/wp-json\/wp\/v2\/pages\/3175"}],"wp:attachment":[{"href":"https:\/\/eagle.com.br\/en_us\/wp-json\/wp\/v2\/media?parent=2840"}],"curies":[{"name":"wp","href":"https:\/\/api.w.org\/{rel}","templated":true}]}}