{"id":2803,"date":"2020-01-13T17:52:02","date_gmt":"2020-01-13T17:52:02","guid":{"rendered":"http:\/\/eagle.com.br\/?page_id=2803"},"modified":"2026-01-30T09:14:01","modified_gmt":"2026-01-30T12:14:01","slug":"violoes-classicos","status":"publish","type":"page","link":"https:\/\/eagle.com.br\/en_us\/shelby\/violoes-classicos\/","title":{"rendered":"Viol\u00f5es Cl\u00e1ssicos Shelby"},"content":{"rendered":"<p><div class=\"fusion-fullwidth fullwidth-box fusion-builder-row-1 has-pattern-background has-mask-background nonhundred-percent-fullwidth non-hundred-percent-height-scrolling\" style=\"--awb-border-radius-top-left:0px;--awb-border-radius-top-right:0px;--awb-border-radius-bottom-right:0px;--awb-border-radius-bottom-left:0px;--awb-flex-wrap:wrap;\" ><div class=\"fusion-builder-row fusion-row\"><div class=\"fusion-layout-column fusion_builder_column fusion-builder-column-0 fusion_builder_column_1_1 1_1 fusion-one-full fusion-column-first fusion-column-last\" style=\"--awb-padding-top:30px;--awb-bg-size:cover;\" data-scroll-devices=\"small-visibility,medium-visibility,large-visibility\"><div class=\"fusion-column-wrapper fusion-column-has-shadow fusion-flex-column-wrapper-legacy\"><div class=\"fusion-title title fusion-title-1 fusion-sep-none fusion-title-text fusion-title-size-three\" style=\"--awb-margin-top-small:0px;--awb-margin-right-small:0px;--awb-margin-bottom-small:20px;--awb-margin-left-small:0px;\"><h3 class=\"fusion-title-heading title-heading-left\" style=\"margin:0;\">Os viol\u00f5es cl\u00e1ssicos mais acess\u00edveis do mercado.<\/h3><\/div><div class=\"fusion-recent-posts fusion-recent-posts-1 avada-container layout-default layout-columns-2\"><section class=\"fusion-columns columns fusion-columns-2 columns-2\"><article class=\"post fusion-column column col col-lg-6 col-md-6 col-sm-6\"><div class=\"fusion-flexslider fusion-flexslider-loading flexslider flexslider-hover-type-none\"><ul class=\"slides\"><li><a href=\"https:\/\/eagle.com.br\/en_us\/sn61c\/\" aria-label=\"SN 61C\" class=\"hover-type-none\"><img decoding=\"async\" width=\"600\" height=\"230\" src=\"https:\/\/eagle.com.br\/wp-content\/uploads\/sn61c-violao-classico-shelby-sn61c-stnt-natural-acetinado-600-pixels.jpg\" class=\"attachment-full size-full\" alt=\"\" srcset=\"https:\/\/eagle.com.br\/wp-content\/uploads\/sn61c-violao-classico-shelby-sn61c-stnt-natural-acetinado-600-pixels-200x77.jpg 200w, https:\/\/eagle.com.br\/wp-content\/uploads\/sn61c-violao-classico-shelby-sn61c-stnt-natural-acetinado-600-pixels-400x153.jpg 400w, https:\/\/eagle.com.br\/wp-content\/uploads\/sn61c-violao-classico-shelby-sn61c-stnt-natural-acetinado-600-pixels.jpg 600w\" sizes=\"(min-width: 2200px) 100vw, (min-width: 712px) 535px, (min-width: 640px) 712px, \" \/><\/a><\/li><\/ul><\/div><div class=\"recent-posts-content\"><h4 class=\"entry-title\"><a href=\"https:\/\/eagle.com.br\/en_us\/sn61c\/\">SN 61C<\/a><\/h4><p class=\"meta\"><\/p><p>Viol\u00e3o cl\u00e1ssico \"cutaway\" eletroac\u00fastico<\/p><\/div><\/article><article class=\"post fusion-column column col col-lg-6 col-md-6 col-sm-6\"><div class=\"fusion-flexslider fusion-flexslider-loading flexslider flexslider-hover-type-none\"><ul class=\"slides\"><li><a href=\"https:\/\/eagle.com.br\/en_us\/sn59\/\" aria-label=\"SN 59\" class=\"hover-type-none\"><img decoding=\"async\" width=\"600\" height=\"237\" src=\"https:\/\/eagle.com.br\/wp-content\/uploads\/sn59-violao-classico-shelby-cordas-de-nailon-sn59-600-pixels-1.jpg\" class=\"attachment-full size-full\" alt=\"\" srcset=\"https:\/\/eagle.com.br\/wp-content\/uploads\/sn59-violao-classico-shelby-cordas-de-nailon-sn59-600-pixels-1-200x79.jpg 200w, https:\/\/eagle.com.br\/wp-content\/uploads\/sn59-violao-classico-shelby-cordas-de-nailon-sn59-600-pixels-1-400x158.jpg 400w, https:\/\/eagle.com.br\/wp-content\/uploads\/sn59-violao-classico-shelby-cordas-de-nailon-sn59-600-pixels-1.jpg 600w\" sizes=\"(min-width: 2200px) 100vw, (min-width: 712px) 535px, (min-width: 640px) 712px, \" \/><\/a><\/li><\/ul><\/div><div class=\"recent-posts-content\"><h4 class=\"entry-title\"><a href=\"https:\/\/eagle.com.br\/en_us\/sn59\/\">SN 59<\/a><\/h4><p class=\"meta\"><\/p><p>Viol\u00e3o cl\u00e1ssico<\/p><\/div><\/article><\/section><\/div><div class=\"fusion-clearfix\"><\/div><\/div><\/div><\/div><\/div><div class=\"fusion-fullwidth fullwidth-box fusion-builder-row-2 fusion-flex-container has-pattern-background has-mask-background nonhundred-percent-fullwidth non-hundred-percent-height-scrolling fusion-no-medium-visibility fusion-no-large-visibility\" style=\"--awb-border-radius-top-left:0px;--awb-border-radius-top-right:0px;--awb-border-radius-bottom-right:0px;--awb-border-radius-bottom-left:0px;--awb-padding-top:20px;--awb-background-color:#000000;--awb-flex-wrap:wrap;\" ><div class=\"fusion-builder-row fusion-row fusion-flex-align-items-flex-start fusion-flex-content-wrap\" style=\"max-width:1144px;margin-left: calc(-4% \/ 2 );margin-right: calc(-4% \/ 2 );\"><div class=\"fusion-layout-column fusion_builder_column fusion-builder-column-1 fusion_builder_column_1_1 1_1 fusion-flex-column\" style=\"--awb-bg-size:cover;--awb-width-large:100%;--awb-margin-top-large:0px;--awb-spacing-right-large:1.92%;--awb-margin-bottom-large:20px;--awb-spacing-left-large:1.92%;--awb-width-medium:100%;--awb-order-medium:0;--awb-spacing-right-medium:1.92%;--awb-spacing-left-medium:1.92%;--awb-width-small:100%;--awb-order-small:0;--awb-spacing-right-small:1.92%;--awb-spacing-left-small:1.92%;\"><div class=\"fusion-column-wrapper fusion-column-has-shadow fusion-flex-justify-content-flex-start fusion-content-layout-column\"><div class=\"\" style=\"width: 100%; height: null; position: relative; padding-top: 177.78%\"><iframe style=\"position: absolute; top: 0; left: 0; width: 100%; height: 100%\" allowtransparency=\"true\"   src=\"https:\/\/canal.eagle.com.br\/watch\/L71a36y0 \"  frameborder=\"0\" allowfullscreen mozallowfullscreen webkitallowfullscreen oallowfullscreen msallowfullscreen scrolling=\"no\"><\/iframe><\/div><\/div><\/div><\/div><\/div><\/p>","protected":false},"excerpt":{"rendered":"","protected":false},"author":7,"featured_media":0,"parent":3181,"menu_order":0,"comment_status":"closed","ping_status":"closed","template":"100-width.php","meta":{"footnotes":""},"class_list":["post-2803","page","type-page","status-publish","hentry"],"_links":{"self":[{"href":"https:\/\/eagle.com.br\/en_us\/wp-json\/wp\/v2\/pages\/2803","targetHints":{"allow":["GET"]}}],"collection":[{"href":"https:\/\/eagle.com.br\/en_us\/wp-json\/wp\/v2\/pages"}],"about":[{"href":"https:\/\/eagle.com.br\/en_us\/wp-json\/wp\/v2\/types\/page"}],"author":[{"embeddable":true,"href":"https:\/\/eagle.com.br\/en_us\/wp-json\/wp\/v2\/users\/7"}],"replies":[{"embeddable":true,"href":"https:\/\/eagle.com.br\/en_us\/wp-json\/wp\/v2\/comments?post=2803"}],"version-history":[{"count":7,"href":"https:\/\/eagle.com.br\/en_us\/wp-json\/wp\/v2\/pages\/2803\/revisions"}],"predecessor-version":[{"id":30895,"href":"https:\/\/eagle.com.br\/en_us\/wp-json\/wp\/v2\/pages\/2803\/revisions\/30895"}],"up":[{"embeddable":true,"href":"https:\/\/eagle.com.br\/en_us\/wp-json\/wp\/v2\/pages\/3181"}],"wp:attachment":[{"href":"https:\/\/eagle.com.br\/en_us\/wp-json\/wp\/v2\/media?parent=2803"}],"curies":[{"name":"wp","href":"https:\/\/api.w.org\/{rel}","templated":true}]}}