{"id":13337,"date":"2022-05-10T10:11:14","date_gmt":"2022-05-10T13:11:14","guid":{"rendered":"https:\/\/eagle.com.br\/?page_id=13337"},"modified":"2022-05-17T13:52:51","modified_gmt":"2022-05-17T16:52:51","slug":"violao-classico","status":"publish","type":"page","link":"https:\/\/eagle.com.br\/en_us\/violao-classico\/","title":{"rendered":"Viol\u00e3o Cl\u00e1ssico"},"content":{"rendered":"<div class=\"fusion-fullwidth fullwidth-box fusion-builder-row-1 fusion-flex-container nonhundred-percent-fullwidth non-hundred-percent-height-scrolling\" style=\"--awb-border-radius-top-left:0px;--awb-border-radius-top-right:0px;--awb-border-radius-bottom-right:0px;--awb-border-radius-bottom-left:0px;--awb-flex-wrap:wrap;\" ><div class=\"fusion-builder-row fusion-row fusion-flex-align-items-flex-start fusion-flex-content-wrap\" style=\"max-width:1144px;margin-left: calc(-4% \/ 2 );margin-right: calc(-4% \/ 2 );\"><div class=\"fusion-layout-column fusion_builder_column fusion-builder-column-0 fusion_builder_column_1_1 1_1 fusion-flex-column\" style=\"--awb-bg-size:cover;--awb-width-large:100%;--awb-margin-top-large:0px;--awb-spacing-right-large:1.92%;--awb-margin-bottom-large:20px;--awb-spacing-left-large:1.92%;--awb-width-medium:100%;--awb-order-medium:0;--awb-spacing-right-medium:1.92%;--awb-spacing-left-medium:1.92%;--awb-width-small:100%;--awb-order-small:0;--awb-spacing-right-small:1.92%;--awb-spacing-left-small:1.92%;\"><div class=\"fusion-column-wrapper fusion-column-has-shadow fusion-flex-justify-content-flex-start fusion-content-layout-column\"><div class=\"fusion-title title fusion-title-1 fusion-sep-none fusion-title-text fusion-title-size-one\" style=\"--awb-margin-top-small:0px;--awb-margin-right-small:0px;--awb-margin-bottom-small:20px;--awb-margin-left-small:0px;\"><h1 class=\"fusion-title-heading title-heading-left\" style=\"margin:0;\">Eagle<\/h1><\/div><div class=\"fusion-recent-posts fusion-recent-posts-1 avada-container layout-default layout-columns-3 fusion-recent-posts-center\"><section class=\"fusion-columns columns fusion-columns-3 columns-3\"><article class=\"post fusion-column column col col-lg-4 col-md-4 col-sm-4\"><div class=\"fusion-flexslider fusion-flexslider-loading flexslider flexslider-hover-type-none\"><ul class=\"slides\"><li><a href=\"https:\/\/eagle.com.br\/en_us\/ery860\/\" aria-label=\"ERY 860\" class=\"hover-type-none\"><img decoding=\"async\" width=\"600\" height=\"224\" src=\"https:\/\/eagle.com.br\/wp-content\/uploads\/epe860-violao-classico-luthier-eagle-alessandro-penezzi-epe860-600-pixels.jpg\" class=\"attachment-recent-posts size-recent-posts\" alt=\"\" srcset=\"https:\/\/eagle.com.br\/wp-content\/uploads\/epe860-violao-classico-luthier-eagle-alessandro-penezzi-epe860-600-pixels-200x75.jpg 200w, https:\/\/eagle.com.br\/wp-content\/uploads\/epe860-violao-classico-luthier-eagle-alessandro-penezzi-epe860-600-pixels-300x112.jpg 300w, https:\/\/eagle.com.br\/wp-content\/uploads\/epe860-violao-classico-luthier-eagle-alessandro-penezzi-epe860-600-pixels-400x149.jpg 400w, https:\/\/eagle.com.br\/wp-content\/uploads\/epe860-violao-classico-luthier-eagle-alessandro-penezzi-epe860-600-pixels.jpg 600w\" sizes=\"(max-width: 600px) 100vw, 600px\" \/><\/a><\/li><\/ul><\/div><div class=\"recent-posts-content\"><h4 class=\"entry-title\"><a href=\"https:\/\/eagle.com.br\/en_us\/ery860\/\">ERY 860<\/a><\/h4><p class=\"meta\"><\/p><p>Viol\u00e3o cl\u00e1ssico Royal Series<\/p><\/div><\/article><article class=\"post fusion-column column col col-lg-4 col-md-4 col-sm-4\"><div class=\"fusion-flexslider fusion-flexslider-loading flexslider flexslider-hover-type-none\"><ul class=\"slides\"><li><a href=\"https:\/\/eagle.com.br\/en_us\/emn880c\/\" aria-label=\"EMN 880C\" class=\"hover-type-none\"><img decoding=\"async\" width=\"600\" height=\"227\" src=\"https:\/\/eagle.com.br\/wp-content\/uploads\/emn880c-violao-classico-tampo-solido-eagle-emn880c-nt-natural-600-pixels.jpg\" class=\"attachment-recent-posts size-recent-posts\" alt=\"\" srcset=\"https:\/\/eagle.com.br\/wp-content\/uploads\/emn880c-violao-classico-tampo-solido-eagle-emn880c-nt-natural-600-pixels-200x76.jpg 200w, https:\/\/eagle.com.br\/wp-content\/uploads\/emn880c-violao-classico-tampo-solido-eagle-emn880c-nt-natural-600-pixels-300x114.jpg 300w, https:\/\/eagle.com.br\/wp-content\/uploads\/emn880c-violao-classico-tampo-solido-eagle-emn880c-nt-natural-600-pixels-400x151.jpg 400w, https:\/\/eagle.com.br\/wp-content\/uploads\/emn880c-violao-classico-tampo-solido-eagle-emn880c-nt-natural-600-pixels.jpg 600w\" sizes=\"(max-width: 600px) 100vw, 600px\" \/><\/a><\/li><\/ul><\/div><div class=\"recent-posts-content\"><h4 class=\"entry-title\"><a href=\"https:\/\/eagle.com.br\/en_us\/emn880c\/\">EMN 880C<\/a><\/h4><p class=\"meta\"><\/p><p>Viol\u00e3o cl\u00e1ssico com tampo s\u00f3lido de Abeto<\/p><\/div><\/article><article class=\"post fusion-column column col col-lg-4 col-md-4 col-sm-4\"><div class=\"fusion-flexslider fusion-flexslider-loading flexslider flexslider-hover-type-none\"><ul class=\"slides\"><li><a href=\"https:\/\/eagle.com.br\/en_us\/emn860c\/\" aria-label=\"EMN 860C\" class=\"hover-type-none\"><img decoding=\"async\" width=\"600\" height=\"230\" src=\"https:\/\/eagle.com.br\/wp-content\/uploads\/emn860c-violao-classico-tampo-solido-eagle-emn860c-nt-natural-600-pixels.jpg\" class=\"attachment-recent-posts size-recent-posts\" alt=\"\" srcset=\"https:\/\/eagle.com.br\/wp-content\/uploads\/emn860c-violao-classico-tampo-solido-eagle-emn860c-nt-natural-600-pixels-200x77.jpg 200w, https:\/\/eagle.com.br\/wp-content\/uploads\/emn860c-violao-classico-tampo-solido-eagle-emn860c-nt-natural-600-pixels-300x115.jpg 300w, https:\/\/eagle.com.br\/wp-content\/uploads\/emn860c-violao-classico-tampo-solido-eagle-emn860c-nt-natural-600-pixels-400x153.jpg 400w, https:\/\/eagle.com.br\/wp-content\/uploads\/emn860c-violao-classico-tampo-solido-eagle-emn860c-nt-natural-600-pixels.jpg 600w\" sizes=\"(max-width: 600px) 100vw, 600px\" \/><\/a><\/li><\/ul><\/div><div class=\"recent-posts-content\"><h4 class=\"entry-title\"><a href=\"https:\/\/eagle.com.br\/en_us\/emn860c\/\">EMN 860C<\/a><\/h4><p class=\"meta\"><\/p><p>Viol\u00e3o cl\u00e1ssico com tampo s\u00f3lido de Cedro<\/p><\/div><\/article><article class=\"post fusion-column column col col-lg-4 col-md-4 col-sm-4\"><div class=\"fusion-flexslider fusion-flexslider-loading flexslider flexslider-hover-type-none\"><ul class=\"slides\"><li><a href=\"https:\/\/eagle.com.br\/en_us\/ch800f\/\" aria-label=\"CH 800F\" class=\"hover-type-none\"><img decoding=\"async\" width=\"600\" height=\"222\" src=\"https:\/\/eagle.com.br\/wp-content\/uploads\/CH800F-NT-violao-classico-eletroacustico-flat-EAGLE-Pro-Series-CH800F-NT-acabamento-natural-brilhante-lista.jpg\" class=\"attachment-recent-posts size-recent-posts\" alt=\"\" srcset=\"https:\/\/eagle.com.br\/wp-content\/uploads\/CH800F-NT-violao-classico-eletroacustico-flat-EAGLE-Pro-Series-CH800F-NT-acabamento-natural-brilhante-lista-200x74.jpg 200w, https:\/\/eagle.com.br\/wp-content\/uploads\/CH800F-NT-violao-classico-eletroacustico-flat-EAGLE-Pro-Series-CH800F-NT-acabamento-natural-brilhante-lista-300x111.jpg 300w, https:\/\/eagle.com.br\/wp-content\/uploads\/CH800F-NT-violao-classico-eletroacustico-flat-EAGLE-Pro-Series-CH800F-NT-acabamento-natural-brilhante-lista-400x148.jpg 400w, https:\/\/eagle.com.br\/wp-content\/uploads\/CH800F-NT-violao-classico-eletroacustico-flat-EAGLE-Pro-Series-CH800F-NT-acabamento-natural-brilhante-lista.jpg 600w\" sizes=\"(max-width: 600px) 100vw, 600px\" \/><\/a><\/li><\/ul><\/div><div class=\"recent-posts-content\"><h4 class=\"entry-title\"><a href=\"https:\/\/eagle.com.br\/en_us\/ch800f\/\">CH 800F<\/a><\/h4><p class=\"meta\"><\/p><p>Viol\u00e3o cl\u00e1ssico flat eletroac\u00fastico<\/p><\/div><\/article><article class=\"post fusion-column column col col-lg-4 col-md-4 col-sm-4\"><div class=\"fusion-flexslider fusion-flexslider-loading flexslider flexslider-hover-type-none\"><ul class=\"slides\"><li><a href=\"https:\/\/eagle.com.br\/en_us\/ch800lh\/\" aria-label=\"CH 800 LH\" class=\"hover-type-none\"><img decoding=\"async\" width=\"600\" height=\"227\" src=\"https:\/\/eagle.com.br\/wp-content\/uploads\/CH800-LH-VG-violao-classico-eletroacustico-canhoto-EAGLE-Pro-Series-CH800-LH-VG-acabamento-vintage-brilhante-lista.jpg\" class=\"attachment-recent-posts size-recent-posts\" alt=\"\" srcset=\"https:\/\/eagle.com.br\/wp-content\/uploads\/CH800-LH-VG-violao-classico-eletroacustico-canhoto-EAGLE-Pro-Series-CH800-LH-VG-acabamento-vintage-brilhante-lista-200x76.jpg 200w, https:\/\/eagle.com.br\/wp-content\/uploads\/CH800-LH-VG-violao-classico-eletroacustico-canhoto-EAGLE-Pro-Series-CH800-LH-VG-acabamento-vintage-brilhante-lista-300x114.jpg 300w, https:\/\/eagle.com.br\/wp-content\/uploads\/CH800-LH-VG-violao-classico-eletroacustico-canhoto-EAGLE-Pro-Series-CH800-LH-VG-acabamento-vintage-brilhante-lista-400x151.jpg 400w, https:\/\/eagle.com.br\/wp-content\/uploads\/CH800-LH-VG-violao-classico-eletroacustico-canhoto-EAGLE-Pro-Series-CH800-LH-VG-acabamento-vintage-brilhante-lista.jpg 600w\" sizes=\"(max-width: 600px) 100vw, 600px\" \/><\/a><\/li><\/ul><\/div><div class=\"recent-posts-content\"><h4 class=\"entry-title\"><a href=\"https:\/\/eagle.com.br\/en_us\/ch800lh\/\">CH 800 LH<\/a><\/h4><p class=\"meta\"><\/p><p>Viol\u00e3o cl\u00e1ssico canhoto<\/p><\/div><\/article><article class=\"post fusion-column column col col-lg-4 col-md-4 col-sm-4\"><div class=\"fusion-flexslider fusion-flexslider-loading flexslider flexslider-hover-type-none\"><ul class=\"slides\"><li><a href=\"https:\/\/eagle.com.br\/en_us\/ch800\/\" aria-label=\"CH 800\" class=\"hover-type-none\"><img decoding=\"async\" width=\"600\" height=\"227\" src=\"https:\/\/eagle.com.br\/wp-content\/uploads\/CH800-VG-violao-classico-eletroacustico-EAGLE-Pro-Series-CH800-VG-acabamento-vintage-brilhante-lista.jpg\" class=\"attachment-recent-posts size-recent-posts\" alt=\"\" srcset=\"https:\/\/eagle.com.br\/wp-content\/uploads\/CH800-VG-violao-classico-eletroacustico-EAGLE-Pro-Series-CH800-VG-acabamento-vintage-brilhante-lista-200x76.jpg 200w, https:\/\/eagle.com.br\/wp-content\/uploads\/CH800-VG-violao-classico-eletroacustico-EAGLE-Pro-Series-CH800-VG-acabamento-vintage-brilhante-lista-300x114.jpg 300w, https:\/\/eagle.com.br\/wp-content\/uploads\/CH800-VG-violao-classico-eletroacustico-EAGLE-Pro-Series-CH800-VG-acabamento-vintage-brilhante-lista-400x151.jpg 400w, https:\/\/eagle.com.br\/wp-content\/uploads\/CH800-VG-violao-classico-eletroacustico-EAGLE-Pro-Series-CH800-VG-acabamento-vintage-brilhante-lista.jpg 600w\" sizes=\"(max-width: 600px) 100vw, 600px\" \/><\/a><\/li><\/ul><\/div><div class=\"recent-posts-content\"><h4 class=\"entry-title\"><a href=\"https:\/\/eagle.com.br\/en_us\/ch800\/\">CH 800<\/a><\/h4><p class=\"meta\"><\/p><p>Viol\u00e3o cl\u00e1ssico cutaway eletroac\u00fastico<\/p><\/div><\/article><article class=\"post fusion-column column col col-lg-4 col-md-4 col-sm-4\"><div class=\"fusion-flexslider fusion-flexslider-loading flexslider flexslider-hover-type-none\"><ul class=\"slides\"><li><a href=\"https:\/\/eagle.com.br\/en_us\/dh69t\/\" aria-label=\"DH 69T\" class=\"hover-type-none\"><img decoding=\"async\" width=\"600\" height=\"224\" src=\"https:\/\/eagle.com.br\/wp-content\/uploads\/DH69T-VG-violao-classico-eletroacustico-EAGLE-Pro-Series-DH69T-VG-acabamento-vintage-brilhante-lista.jpg\" class=\"attachment-recent-posts size-recent-posts\" alt=\"\" srcset=\"https:\/\/eagle.com.br\/wp-content\/uploads\/DH69T-VG-violao-classico-eletroacustico-EAGLE-Pro-Series-DH69T-VG-acabamento-vintage-brilhante-lista-200x75.jpg 200w, https:\/\/eagle.com.br\/wp-content\/uploads\/DH69T-VG-violao-classico-eletroacustico-EAGLE-Pro-Series-DH69T-VG-acabamento-vintage-brilhante-lista-300x112.jpg 300w, https:\/\/eagle.com.br\/wp-content\/uploads\/DH69T-VG-violao-classico-eletroacustico-EAGLE-Pro-Series-DH69T-VG-acabamento-vintage-brilhante-lista-400x149.jpg 400w, https:\/\/eagle.com.br\/wp-content\/uploads\/DH69T-VG-violao-classico-eletroacustico-EAGLE-Pro-Series-DH69T-VG-acabamento-vintage-brilhante-lista.jpg 600w\" sizes=\"(max-width: 600px) 100vw, 600px\" \/><\/a><\/li><\/ul><\/div><div class=\"recent-posts-content\"><h4 class=\"entry-title\"><a href=\"https:\/\/eagle.com.br\/en_us\/dh69t\/\">DH 69T<\/a><\/h4><p class=\"meta\"><\/p><p>Viol\u00e3o cl\u00e1ssico eletroac\u00fastico<\/p><\/div><\/article><article class=\"post fusion-column column col col-lg-4 col-md-4 col-sm-4\"><div class=\"fusion-flexslider fusion-flexslider-loading flexslider flexslider-hover-type-none\"><ul class=\"slides\"><li><a href=\"https:\/\/eagle.com.br\/en_us\/dh69\/\" aria-label=\"DH 69\" class=\"hover-type-none\"><img decoding=\"async\" width=\"600\" height=\"225\" src=\"https:\/\/eagle.com.br\/wp-content\/uploads\/DH69-STNT-violao-classico-EAGLE-Pro-Series-DH69-STNT-acabamento-natural-acetinado-lista.jpg\" class=\"attachment-recent-posts size-recent-posts\" alt=\"\" srcset=\"https:\/\/eagle.com.br\/wp-content\/uploads\/DH69-STNT-violao-classico-EAGLE-Pro-Series-DH69-STNT-acabamento-natural-acetinado-lista-200x75.jpg 200w, https:\/\/eagle.com.br\/wp-content\/uploads\/DH69-STNT-violao-classico-EAGLE-Pro-Series-DH69-STNT-acabamento-natural-acetinado-lista-300x113.jpg 300w, https:\/\/eagle.com.br\/wp-content\/uploads\/DH69-STNT-violao-classico-EAGLE-Pro-Series-DH69-STNT-acabamento-natural-acetinado-lista-400x150.jpg 400w, https:\/\/eagle.com.br\/wp-content\/uploads\/DH69-STNT-violao-classico-EAGLE-Pro-Series-DH69-STNT-acabamento-natural-acetinado-lista.jpg 600w\" sizes=\"(max-width: 600px) 100vw, 600px\" \/><\/a><\/li><\/ul><\/div><div class=\"recent-posts-content\"><h4 class=\"entry-title\"><a href=\"https:\/\/eagle.com.br\/en_us\/dh69\/\">DH 69<\/a><\/h4><p class=\"meta\"><\/p><p>Viol\u00e3o cl\u00e1ssico<\/p><\/div><\/article><\/section><\/div><\/div><\/div><div class=\"fusion-layout-column fusion_builder_column fusion-builder-column-1 fusion_builder_column_1_1 1_1 fusion-flex-column\" style=\"--awb-bg-size:cover;--awb-width-large:100%;--awb-margin-top-large:0px;--awb-spacing-right-large:1.92%;--awb-margin-bottom-large:20px;--awb-spacing-left-large:1.92%;--awb-width-medium:100%;--awb-order-medium:0;--awb-spacing-right-medium:1.92%;--awb-spacing-left-medium:1.92%;--awb-width-small:100%;--awb-order-small:0;--awb-spacing-right-small:1.92%;--awb-spacing-left-small:1.92%;\"><div class=\"fusion-column-wrapper fusion-column-has-shadow fusion-flex-justify-content-flex-start fusion-content-layout-column\"><div class=\"fusion-title title fusion-title-2 fusion-sep-none fusion-title-text fusion-title-size-one\" style=\"--awb-margin-top-small:0px;--awb-margin-right-small:0px;--awb-margin-bottom-small:20px;--awb-margin-left-small:0px;\"><h1 class=\"fusion-title-heading title-heading-left\" style=\"margin:0;\">Hofma<\/h1><\/div><div class=\"fusion-recent-posts fusion-recent-posts-2 avada-container layout-default layout-columns-3 fusion-recent-posts-center\"><section class=\"fusion-columns columns fusion-columns-3 columns-3\"><article class=\"post fusion-column column col col-lg-4 col-md-4 col-sm-4\"><div class=\"fusion-flexslider fusion-flexslider-loading flexslider flexslider-hover-type-none\"><ul class=\"slides\"><li><a href=\"https:\/\/eagle.com.br\/en_us\/hmc225\/\" aria-label=\"HMC 225\" class=\"hover-type-none\"><img decoding=\"async\" width=\"600\" height=\"233\" src=\"https:\/\/eagle.com.br\/wp-content\/uploads\/hmc225nt-violao-classico-eletroacustico-cordas-de-nailon-hofma-hmc225-nt-natural-lista.jpg\" class=\"attachment-recent-posts size-recent-posts\" alt=\"\" srcset=\"https:\/\/eagle.com.br\/wp-content\/uploads\/hmc225nt-violao-classico-eletroacustico-cordas-de-nailon-hofma-hmc225-nt-natural-lista-200x78.jpg 200w, https:\/\/eagle.com.br\/wp-content\/uploads\/hmc225nt-violao-classico-eletroacustico-cordas-de-nailon-hofma-hmc225-nt-natural-lista-300x117.jpg 300w, https:\/\/eagle.com.br\/wp-content\/uploads\/hmc225nt-violao-classico-eletroacustico-cordas-de-nailon-hofma-hmc225-nt-natural-lista-400x155.jpg 400w, https:\/\/eagle.com.br\/wp-content\/uploads\/hmc225nt-violao-classico-eletroacustico-cordas-de-nailon-hofma-hmc225-nt-natural-lista.jpg 600w\" sizes=\"(max-width: 600px) 100vw, 600px\" \/><\/a><\/li><\/ul><\/div><div class=\"recent-posts-content\"><h4 class=\"entry-title\"><a href=\"https:\/\/eagle.com.br\/en_us\/hmc225\/\">HMC 225<\/a><\/h4><p class=\"meta\"><\/p><p>Viol\u00e3o cl\u00e1ssico eletroac\u00fastico<\/p><\/div><\/article><article class=\"post fusion-column column col col-lg-4 col-md-4 col-sm-4\"><div class=\"fusion-flexslider fusion-flexslider-loading flexslider flexslider-hover-type-none\"><ul class=\"slides\"><li><a href=\"https:\/\/eagle.com.br\/en_us\/hmc225lh\/\" aria-label=\"HMC 225 LH\" class=\"hover-type-none\"><img decoding=\"async\" width=\"600\" height=\"226\" src=\"https:\/\/eagle.com.br\/wp-content\/uploads\/hmc225lh-nt-violao-classico-canhoto-eletroacustico-cordas-de-nailon-hofma-hmc225lh-nt-natural-lista.jpg\" class=\"attachment-recent-posts size-recent-posts\" alt=\"\" srcset=\"https:\/\/eagle.com.br\/wp-content\/uploads\/hmc225lh-nt-violao-classico-canhoto-eletroacustico-cordas-de-nailon-hofma-hmc225lh-nt-natural-lista-200x75.jpg 200w, https:\/\/eagle.com.br\/wp-content\/uploads\/hmc225lh-nt-violao-classico-canhoto-eletroacustico-cordas-de-nailon-hofma-hmc225lh-nt-natural-lista-300x113.jpg 300w, https:\/\/eagle.com.br\/wp-content\/uploads\/hmc225lh-nt-violao-classico-canhoto-eletroacustico-cordas-de-nailon-hofma-hmc225lh-nt-natural-lista-400x151.jpg 400w, https:\/\/eagle.com.br\/wp-content\/uploads\/hmc225lh-nt-violao-classico-canhoto-eletroacustico-cordas-de-nailon-hofma-hmc225lh-nt-natural-lista.jpg 600w\" sizes=\"(max-width: 600px) 100vw, 600px\" \/><\/a><\/li><\/ul><\/div><div class=\"recent-posts-content\"><h4 class=\"entry-title\"><a href=\"https:\/\/eagle.com.br\/en_us\/hmc225lh\/\">HMC 225 LH<\/a><\/h4><p class=\"meta\"><\/p><p>Viol\u00e3o cl\u00e1ssico canhoto eletroac\u00fastico<\/p><\/div><\/article><article class=\"post fusion-column column col col-lg-4 col-md-4 col-sm-4\"><div class=\"fusion-flexslider fusion-flexslider-loading flexslider flexslider-hover-type-none\"><ul class=\"slides\"><li><a href=\"https:\/\/eagle.com.br\/en_us\/hmc225f\/\" aria-label=\"HMC 225F\" class=\"hover-type-none\"><img decoding=\"async\" width=\"600\" height=\"234\" src=\"https:\/\/eagle.com.br\/wp-content\/uploads\/hmc225-violao-classico-flat-hofma-hmc225-nt-natural-600-pixels.jpg\" class=\"attachment-recent-posts size-recent-posts\" alt=\"\" srcset=\"https:\/\/eagle.com.br\/wp-content\/uploads\/hmc225-violao-classico-flat-hofma-hmc225-nt-natural-600-pixels-200x78.jpg 200w, https:\/\/eagle.com.br\/wp-content\/uploads\/hmc225-violao-classico-flat-hofma-hmc225-nt-natural-600-pixels-300x117.jpg 300w, https:\/\/eagle.com.br\/wp-content\/uploads\/hmc225-violao-classico-flat-hofma-hmc225-nt-natural-600-pixels-400x156.jpg 400w, https:\/\/eagle.com.br\/wp-content\/uploads\/hmc225-violao-classico-flat-hofma-hmc225-nt-natural-600-pixels.jpg 600w\" sizes=\"(max-width: 600px) 100vw, 600px\" \/><\/a><\/li><\/ul><\/div><div class=\"recent-posts-content\"><h4 class=\"entry-title\"><a href=\"https:\/\/eagle.com.br\/en_us\/hmc225f\/\">HMC 225F<\/a><\/h4><p class=\"meta\"><\/p><p>Viol\u00e3o cl\u00e1ssico \"flat\" eletroac\u00fastico<\/p><\/div><\/article><article class=\"post fusion-column column col col-lg-4 col-md-4 col-sm-4\"><div class=\"fusion-flexslider fusion-flexslider-loading flexslider flexslider-hover-type-none\"><ul class=\"slides\"><li><a href=\"https:\/\/eagle.com.br\/en_us\/hmc227\/\" aria-label=\"HMC 227\" class=\"hover-type-none\"><img decoding=\"async\" width=\"600\" height=\"230\" src=\"https:\/\/eagle.com.br\/wp-content\/uploads\/hmc227-violao-classico-7-cordas-hofma-hmc227-nt-natural-600-pixels.jpg\" class=\"attachment-recent-posts size-recent-posts\" alt=\"\" srcset=\"https:\/\/eagle.com.br\/wp-content\/uploads\/hmc227-violao-classico-7-cordas-hofma-hmc227-nt-natural-600-pixels-200x77.jpg 200w, https:\/\/eagle.com.br\/wp-content\/uploads\/hmc227-violao-classico-7-cordas-hofma-hmc227-nt-natural-600-pixels-300x115.jpg 300w, https:\/\/eagle.com.br\/wp-content\/uploads\/hmc227-violao-classico-7-cordas-hofma-hmc227-nt-natural-600-pixels-400x153.jpg 400w, https:\/\/eagle.com.br\/wp-content\/uploads\/hmc227-violao-classico-7-cordas-hofma-hmc227-nt-natural-600-pixels.jpg 600w\" sizes=\"(max-width: 600px) 100vw, 600px\" \/><\/a><\/li><\/ul><\/div><div class=\"recent-posts-content\"><h4 class=\"entry-title\"><a href=\"https:\/\/eagle.com.br\/en_us\/hmc227\/\">HMC 227<\/a><\/h4><p class=\"meta\"><\/p><p>Viol\u00e3o cl\u00e1ssico 7 cordas eletroac\u00fastico<\/p><\/div><\/article><\/section><\/div><\/div><\/div><div class=\"fusion-layout-column fusion_builder_column fusion-builder-column-2 fusion_builder_column_1_1 1_1 fusion-flex-column\" style=\"--awb-bg-size:cover;--awb-width-large:100%;--awb-margin-top-large:0px;--awb-spacing-right-large:1.92%;--awb-margin-bottom-large:20px;--awb-spacing-left-large:1.92%;--awb-width-medium:100%;--awb-order-medium:0;--awb-spacing-right-medium:1.92%;--awb-spacing-left-medium:1.92%;--awb-width-small:100%;--awb-order-small:0;--awb-spacing-right-small:1.92%;--awb-spacing-left-small:1.92%;\"><div class=\"fusion-column-wrapper fusion-column-has-shadow fusion-flex-justify-content-flex-start fusion-content-layout-column\"><div class=\"fusion-title title fusion-title-3 fusion-sep-none fusion-title-text fusion-title-size-one\" style=\"--awb-margin-top-small:0px;--awb-margin-right-small:0px;--awb-margin-bottom-small:20px;--awb-margin-left-small:0px;\"><h1 class=\"fusion-title-heading title-heading-left\" style=\"margin:0;\">Shelby<\/h1><\/div><div class=\"fusion-recent-posts fusion-recent-posts-3 avada-container layout-default layout-columns-3 fusion-recent-posts-center\"><section class=\"fusion-columns columns fusion-columns-3 columns-3\"><article class=\"post fusion-column column col col-lg-4 col-md-4 col-sm-4\"><div class=\"fusion-flexslider fusion-flexslider-loading flexslider flexslider-hover-type-none\"><ul class=\"slides\"><li><a href=\"https:\/\/eagle.com.br\/en_us\/sn61c\/\" aria-label=\"SN 61C\" class=\"hover-type-none\"><img decoding=\"async\" width=\"600\" height=\"230\" src=\"https:\/\/eagle.com.br\/wp-content\/uploads\/sn61c-violao-classico-shelby-sn61c-stnt-natural-acetinado-600-pixels.jpg\" class=\"attachment-recent-posts size-recent-posts\" alt=\"\" srcset=\"https:\/\/eagle.com.br\/wp-content\/uploads\/sn61c-violao-classico-shelby-sn61c-stnt-natural-acetinado-600-pixels-200x77.jpg 200w, https:\/\/eagle.com.br\/wp-content\/uploads\/sn61c-violao-classico-shelby-sn61c-stnt-natural-acetinado-600-pixels-300x115.jpg 300w, https:\/\/eagle.com.br\/wp-content\/uploads\/sn61c-violao-classico-shelby-sn61c-stnt-natural-acetinado-600-pixels-400x153.jpg 400w, https:\/\/eagle.com.br\/wp-content\/uploads\/sn61c-violao-classico-shelby-sn61c-stnt-natural-acetinado-600-pixels.jpg 600w\" sizes=\"(max-width: 600px) 100vw, 600px\" \/><\/a><\/li><\/ul><\/div><div class=\"recent-posts-content\"><h4 class=\"entry-title\"><a href=\"https:\/\/eagle.com.br\/en_us\/sn61c\/\">SN 61C<\/a><\/h4><p class=\"meta\"><\/p><p>Viol\u00e3o cl\u00e1ssico \"cutaway\" eletroac\u00fastico<\/p><\/div><\/article><article class=\"post fusion-column column col col-lg-4 col-md-4 col-sm-4\"><div class=\"fusion-flexslider fusion-flexslider-loading flexslider flexslider-hover-type-none\"><ul class=\"slides\"><li><a href=\"https:\/\/eagle.com.br\/en_us\/sn59\/\" aria-label=\"SN 59\" class=\"hover-type-none\"><img decoding=\"async\" width=\"600\" height=\"237\" src=\"https:\/\/eagle.com.br\/wp-content\/uploads\/sn59-violao-classico-shelby-cordas-de-nailon-sn59-600-pixels-1.jpg\" class=\"attachment-recent-posts size-recent-posts\" alt=\"\" srcset=\"https:\/\/eagle.com.br\/wp-content\/uploads\/sn59-violao-classico-shelby-cordas-de-nailon-sn59-600-pixels-1-200x79.jpg 200w, https:\/\/eagle.com.br\/wp-content\/uploads\/sn59-violao-classico-shelby-cordas-de-nailon-sn59-600-pixels-1-300x119.jpg 300w, https:\/\/eagle.com.br\/wp-content\/uploads\/sn59-violao-classico-shelby-cordas-de-nailon-sn59-600-pixels-1-400x158.jpg 400w, https:\/\/eagle.com.br\/wp-content\/uploads\/sn59-violao-classico-shelby-cordas-de-nailon-sn59-600-pixels-1.jpg 600w\" sizes=\"(max-width: 600px) 100vw, 600px\" \/><\/a><\/li><\/ul><\/div><div class=\"recent-posts-content\"><h4 class=\"entry-title\"><a href=\"https:\/\/eagle.com.br\/en_us\/sn59\/\">SN 59<\/a><\/h4><p class=\"meta\"><\/p><p>Viol\u00e3o cl\u00e1ssico<\/p><\/div><\/article><\/section><\/div><\/div><\/div><\/div><\/div>","protected":false},"excerpt":{"rendered":"","protected":false},"author":7,"featured_media":0,"parent":0,"menu_order":0,"comment_status":"closed","ping_status":"closed","template":"","meta":{"footnotes":""},"class_list":["post-13337","page","type-page","status-publish","hentry"],"_links":{"self":[{"href":"https:\/\/eagle.com.br\/en_us\/wp-json\/wp\/v2\/pages\/13337","targetHints":{"allow":["GET"]}}],"collection":[{"href":"https:\/\/eagle.com.br\/en_us\/wp-json\/wp\/v2\/pages"}],"about":[{"href":"https:\/\/eagle.com.br\/en_us\/wp-json\/wp\/v2\/types\/page"}],"author":[{"embeddable":true,"href":"https:\/\/eagle.com.br\/en_us\/wp-json\/wp\/v2\/users\/7"}],"replies":[{"embeddable":true,"href":"https:\/\/eagle.com.br\/en_us\/wp-json\/wp\/v2\/comments?post=13337"}],"version-history":[{"count":7,"href":"https:\/\/eagle.com.br\/en_us\/wp-json\/wp\/v2\/pages\/13337\/revisions"}],"predecessor-version":[{"id":30939,"href":"https:\/\/eagle.com.br\/en_us\/wp-json\/wp\/v2\/pages\/13337\/revisions\/30939"}],"wp:attachment":[{"href":"https:\/\/eagle.com.br\/en_us\/wp-json\/wp\/v2\/media?parent=13337"}],"curies":[{"name":"wp","href":"https:\/\/api.w.org\/{rel}","templated":true}]}}