{"id":11,"date":"2018-04-11T19:37:46","date_gmt":"2018-04-11T19:37:46","guid":{"rendered":"http:\/\/eagle.com.br\/?page_id=11"},"modified":"2025-06-24T10:08:13","modified_gmt":"2025-06-24T13:08:13","slug":"assistencia-tecnica","status":"publish","type":"page","link":"https:\/\/eagle.com.br\/en_us\/assistencia-tecnica\/","title":{"rendered":"Service &amp; Repair"},"content":{"rendered":"<div class=\"fusion-fullwidth fullwidth-box fusion-builder-row-1 fusion-flex-container nonhundred-percent-fullwidth non-hundred-percent-height-scrolling\" style=\"--awb-border-radius-top-left:0px;--awb-border-radius-top-right:0px;--awb-border-radius-bottom-right:0px;--awb-border-radius-bottom-left:0px;--awb-padding-top:0px;--awb-flex-wrap:wrap;\" ><div class=\"fusion-builder-row fusion-row fusion-flex-align-items-flex-start fusion-flex-content-wrap\" style=\"max-width:1144px;margin-left: calc(-4% \/ 2 );margin-right: calc(-4% \/ 2 );\"><div class=\"fusion-layout-column fusion_builder_column fusion-builder-column-0 fusion_builder_column_1_1 1_1 fusion-flex-column\" style=\"--awb-bg-size:cover;--awb-width-large:100%;--awb-margin-top-large:0px;--awb-spacing-right-large:1.92%;--awb-margin-bottom-large:20px;--awb-spacing-left-large:1.92%;--awb-width-medium:100%;--awb-order-medium:0;--awb-spacing-right-medium:1.92%;--awb-spacing-left-medium:1.92%;--awb-width-small:100%;--awb-order-small:0;--awb-spacing-right-small:1.92%;--awb-spacing-left-small:1.92%;\"><div class=\"fusion-column-wrapper fusion-column-has-shadow fusion-flex-justify-content-flex-start fusion-content-layout-column\"><div class=\"fusion-title title fusion-title-1 fusion-sep-none fusion-title-text fusion-title-size-two\" style=\"--awb-margin-top-small:0px;--awb-margin-right-small:0px;--awb-margin-bottom-small:20px;--awb-margin-left-small:0px;\"><h2 class=\"fusion-title-heading title-heading-left\" style=\"margin:0;\">Condi\u00e7\u00f5es de garantia<\/h2><\/div><div class=\"fusion-text fusion-text-1\"><div class=\"et_pb_text et_pb_module et_pb_bg_layout_light et_pb_text_align_left et_pb_text_1\">\n<p>&nbsp;<\/p>\n<p>O per\u00edodo de cobertura de garantia \u00e9 de 90 dias contados a partir da data de emiss\u00e3o da nota fiscal de compra, como estabelece o c\u00f3digo de defesa do consumidor (lei 8.078 \u2013 11\/09\/1990 \u2013 art. 26 inciso II)<\/p>\n<p>O registro de garantia somente \u00e9 v\u00e1lido para o primeiro propriet\u00e1rio do produto, desde que comprado em um revendedor autorizado.<\/p>\n<p><strong>Em caso de constata\u00e7\u00e3o de defeito:<\/strong><\/p>\n<ol>\n<li>Verifique a data de compra e a cobertura da garantia;<\/li>\n<li>Contate a loja onde voc\u00ea comprou o produto e encaminhe o instrumento com defeito. O revendedor avaliar\u00e1 o problema com o instrumento e poder\u00e1 acionar nosso departamento de assist\u00eancia ou solicitar a substitui\u00e7\u00e3o do instrumento ou componente defeituoso em caso de constata\u00e7\u00e3o de defeito na fabrica\u00e7\u00e3o.<\/li>\n<\/ol>\n<p><strong>N\u00e3o est\u00e3o cobertos pela garantia:<\/strong><\/p>\n<ul>\n<li>Instrumentos adquiridos em lojas n\u00e3o credenciadas;<\/li>\n<li>Instrumentos modificados em sua configura\u00e7\u00e3o de pe\u00e7as originais;<\/li>\n<li>Instrumentos danificados por neglig\u00eancia, mau uso, acidentes ou opera\u00e7\u00f5es impr\u00f3prias;<\/li>\n<li>Desgaste natural de pe\u00e7as ou oxida\u00e7\u00e3o das partes met\u00e1licas;<\/li>\n<li>Mudan\u00e7as ocorridas por condi\u00e7\u00f5es clim\u00e1ticas extremas;<\/li>\n<li>Regulagens efetuadas por pessoas n\u00e3o autorizadas;<\/li>\n<li>Despesas com transportes e envio para assist\u00eancia t\u00e9cnica.<\/li>\n<\/ul>\n<\/div>\n<\/div><\/div><\/div><\/div><\/div>","protected":false},"excerpt":{"rendered":"","protected":false},"author":7,"featured_media":0,"parent":0,"menu_order":0,"comment_status":"closed","ping_status":"closed","template":"","meta":{"footnotes":""},"class_list":["post-11","page","type-page","status-publish","hentry"],"_links":{"self":[{"href":"https:\/\/eagle.com.br\/en_us\/wp-json\/wp\/v2\/pages\/11","targetHints":{"allow":["GET"]}}],"collection":[{"href":"https:\/\/eagle.com.br\/en_us\/wp-json\/wp\/v2\/pages"}],"about":[{"href":"https:\/\/eagle.com.br\/en_us\/wp-json\/wp\/v2\/types\/page"}],"author":[{"embeddable":true,"href":"https:\/\/eagle.com.br\/en_us\/wp-json\/wp\/v2\/users\/7"}],"replies":[{"embeddable":true,"href":"https:\/\/eagle.com.br\/en_us\/wp-json\/wp\/v2\/comments?post=11"}],"version-history":[{"count":1,"href":"https:\/\/eagle.com.br\/en_us\/wp-json\/wp\/v2\/pages\/11\/revisions"}],"predecessor-version":[{"id":27090,"href":"https:\/\/eagle.com.br\/en_us\/wp-json\/wp\/v2\/pages\/11\/revisions\/27090"}],"wp:attachment":[{"href":"https:\/\/eagle.com.br\/en_us\/wp-json\/wp\/v2\/media?parent=11"}],"curies":[{"name":"wp","href":"https:\/\/api.w.org\/{rel}","templated":true}]}}