{"id":10025,"date":"2021-06-16T15:03:00","date_gmt":"2021-06-16T18:03:00","guid":{"rendered":"https:\/\/eagle.com.br\/?page_id=10025"},"modified":"2021-07-05T17:35:05","modified_gmt":"2021-07-05T20:35:05","slug":"sobre-a-campanha","status":"publish","type":"page","link":"https:\/\/eagle.com.br\/en_us\/superacao\/sobre-a-campanha\/","title":{"rendered":"A campanha"},"content":{"rendered":"<div class=\"fusion-fullwidth fullwidth-box fusion-builder-row-1 fusion-flex-container nonhundred-percent-fullwidth non-hundred-percent-height-scrolling\" style=\"--awb-border-radius-top-left:0px;--awb-border-radius-top-right:0px;--awb-border-radius-bottom-right:0px;--awb-border-radius-bottom-left:0px;--awb-flex-wrap:wrap;\" ><div class=\"fusion-builder-row fusion-row fusion-flex-align-items-flex-start fusion-flex-content-wrap\" style=\"max-width:1144px;margin-left: calc(-4% \/ 2 );margin-right: calc(-4% \/ 2 );\"><div class=\"fusion-layout-column fusion_builder_column fusion-builder-column-0 fusion_builder_column_1_1 1_1 fusion-flex-column\" style=\"--awb-bg-size:cover;--awb-width-large:100%;--awb-margin-top-large:0px;--awb-spacing-right-large:1.92%;--awb-margin-bottom-large:20px;--awb-spacing-left-large:1.92%;--awb-width-medium:100%;--awb-order-medium:0;--awb-spacing-right-medium:1.92%;--awb-spacing-left-medium:1.92%;--awb-width-small:100%;--awb-order-small:0;--awb-spacing-right-small:1.92%;--awb-spacing-left-small:1.92%;\"><div class=\"fusion-column-wrapper fusion-column-has-shadow fusion-flex-justify-content-flex-start fusion-content-layout-column\"><div class=\"fusion-image-element\" style=\"text-align:center;--awb-margin-bottom:20px;--awb-caption-title-font-family:var(--h2_typography-font-family);--awb-caption-title-font-weight:var(--h2_typography-font-weight);--awb-caption-title-font-style:var(--h2_typography-font-style);--awb-caption-title-size:var(--h2_typography-font-size);--awb-caption-title-transform:var(--h2_typography-text-transform);--awb-caption-title-line-height:var(--h2_typography-line-height);--awb-caption-title-letter-spacing:var(--h2_typography-letter-spacing);\"><span class=\"fusion-imageframe imageframe-none imageframe-1 hover-type-none fusion-animated\" data-animationtype=\"zoomIn\" data-animationduration=\"1.5\" data-animationoffset=\"top-into-view\"><img decoding=\"async\" width=\"400\" height=\"153\" alt=\"Campanha M\u00fasica \u00e9 Supera\u00e7\u00e3o!\" title=\"Campanha M\u00fasica \u00e9 Supera\u00e7\u00e3o!\" src=\"https:\/\/eagle.com.br\/wp-content\/uploads\/titulo-woorise-400x153.png\" class=\"img-responsive wp-image-10129\" srcset=\"https:\/\/eagle.com.br\/wp-content\/uploads\/titulo-woorise-200x77.png 200w, https:\/\/eagle.com.br\/wp-content\/uploads\/titulo-woorise-400x153.png 400w, https:\/\/eagle.com.br\/wp-content\/uploads\/titulo-woorise.png 600w\" sizes=\"(max-width: 1024px) 100vw, (max-width: 640px) 100vw, 400px\" \/><\/span><\/div><div style=\"width: 100%; height: null; position: relative; padding-top: 56.25%;\"><iframe style=\"position: absolute; top: 0; left: 0; width: 100%; height: 100%\" allowtransparency=\"true\" src=\"https:\/\/adilo.bigcommand.com\/watch\/o2X8dK6i \" frameborder=\"0\" allowfullscreen mozallowfullscreen webkitallowfullscreen oallowfullscreen msallowfullscreen scrolling=\"no\"><\/iframe><\/div><div class=\"fusion-text fusion-text-1\" style=\"--awb-margin-top:30px;\"><p id=\"b3425469052_86\" class=\"editable-text paragraph indent-0 selected-block\" data-block-background=\"transparent\">Sabemos como esse momento dif\u00edcil trouxe muitas incertezas e quanto a m\u00fasica tem sido importante nesse per\u00edodo de isolamento. Nosso objetivo \u00e9 contribuir trazendo um pouco de alegria e motiva\u00e7\u00e3o.<\/p>\n<p id=\"b3425469052_991\" class=\"editable-text paragraph indent-0 selected-block\" data-block-background=\"transparent\">Todos podem participar de nossa campanha. N\u00e3o importa se voc\u00ea \u00e9 m\u00fasico profissional, amador ou apenas um entusiasta que tem a m\u00fasica como um <em>hobby<\/em>. \u00c9 simples: Grave um v\u00eddeo com seu instrumento musical de uma de nossas marcas e escolha uma m\u00fasica ou can\u00e7\u00e3o que tem ajudado a superar esse momento desafiador e que voc\u00ea deseja compartilhar.<\/p>\n<p class=\"editable-text paragraph indent-0 selected-block\" data-block-background=\"transparent\">Caso seu v\u00eddeo seja selecionado por nossa equipe, o mesmo ser\u00e1 compartilhado em nosso site e perfis do Instagram e Facebook e voc\u00ea receber\u00e1, como uma singela forma de retribui\u00e7\u00e3o por ter ajudado nossa causa, um &#8220;gift card&#8221; do iFood para utilizar quando quiser e ter bons momentos com aqueles que voc\u00ea ama.<\/p>\n<p id=\"b3425469052_1683\" class=\"editable-text paragraph indent-0 selected-block\" data-block-background=\"transparent\">\u00c9 claro, familiares e\/ou amigos tamb\u00e9m podem participar do video. Afinal, juntos somos mais fortes!<\/p>\n<h2>Participar \u00e9 simples:<\/h2>\n<ol>\n<li>Escolha um ambiente com boa ilumina\u00e7\u00e3o;<\/li>\n<li>Se utilizar um celular, lembre-se de gravar na posi\u00e7\u00e3o horizontal (paisagem);<\/li>\n<li>Inicie o video dizendo seu nome e onde voc\u00ea est\u00e1 (cidade e estado);<\/li>\n<li>Seu v\u00eddeo deve ter no m\u00e1ximo 5 minutos de dura\u00e7\u00e3o total;<\/li>\n<li>Apresente-se tocando, cantando ou ambos. Seja criativo e espont\u00e2neo. Convide seus amigos e familiares para participar.<\/li>\n<\/ol>\n<p><a href=\"https:\/\/eagle.com.br\/en_us\/superacao\/\"><strong>Clique aqui para fazer sua inscri\u00e7\u00e3o<\/strong><\/a><\/p>\n<p><strong>Participe! M\u00fasica \u00e9 Supera\u00e7\u00e3o!<\/strong><\/p>\n<\/div><\/div><\/div><\/div><\/div>","protected":false},"excerpt":{"rendered":"","protected":false},"author":7,"featured_media":0,"parent":9881,"menu_order":0,"comment_status":"closed","ping_status":"closed","template":"","meta":{"footnotes":""},"class_list":["post-10025","page","type-page","status-publish","hentry"],"_links":{"self":[{"href":"https:\/\/eagle.com.br\/en_us\/wp-json\/wp\/v2\/pages\/10025","targetHints":{"allow":["GET"]}}],"collection":[{"href":"https:\/\/eagle.com.br\/en_us\/wp-json\/wp\/v2\/pages"}],"about":[{"href":"https:\/\/eagle.com.br\/en_us\/wp-json\/wp\/v2\/types\/page"}],"author":[{"embeddable":true,"href":"https:\/\/eagle.com.br\/en_us\/wp-json\/wp\/v2\/users\/7"}],"replies":[{"embeddable":true,"href":"https:\/\/eagle.com.br\/en_us\/wp-json\/wp\/v2\/comments?post=10025"}],"version-history":[{"count":0,"href":"https:\/\/eagle.com.br\/en_us\/wp-json\/wp\/v2\/pages\/10025\/revisions"}],"up":[{"embeddable":true,"href":"https:\/\/eagle.com.br\/en_us\/wp-json\/wp\/v2\/pages\/9881"}],"wp:attachment":[{"href":"https:\/\/eagle.com.br\/en_us\/wp-json\/wp\/v2\/media?parent=10025"}],"curies":[{"name":"wp","href":"https:\/\/api.w.org\/{rel}","templated":true}]}}