{"id":10023,"date":"2021-06-16T14:55:15","date_gmt":"2021-06-16T17:55:15","guid":{"rendered":"https:\/\/eagle.com.br\/?page_id=10023"},"modified":"2021-06-22T16:01:51","modified_gmt":"2021-06-22T19:01:51","slug":"politica-de-privacidade","status":"publish","type":"page","link":"https:\/\/eagle.com.br\/en_us\/superacao\/politica-de-privacidade\/","title":{"rendered":"Privacy Policy"},"content":{"rendered":"<div class=\"fusion-fullwidth fullwidth-box fusion-builder-row-1 fusion-flex-container nonhundred-percent-fullwidth non-hundred-percent-height-scrolling\" style=\"--awb-border-radius-top-left:0px;--awb-border-radius-top-right:0px;--awb-border-radius-bottom-right:0px;--awb-border-radius-bottom-left:0px;--awb-flex-wrap:wrap;\" ><div class=\"fusion-builder-row fusion-row fusion-flex-align-items-flex-start fusion-flex-content-wrap\" style=\"max-width:1144px;margin-left: calc(-4% \/ 2 );margin-right: calc(-4% \/ 2 );\"><div class=\"fusion-layout-column fusion_builder_column fusion-builder-column-0 fusion_builder_column_1_1 1_1 fusion-flex-column\" style=\"--awb-bg-size:cover;--awb-width-large:100%;--awb-margin-top-large:0px;--awb-spacing-right-large:1.92%;--awb-margin-bottom-large:20px;--awb-spacing-left-large:1.92%;--awb-width-medium:100%;--awb-order-medium:0;--awb-spacing-right-medium:1.92%;--awb-spacing-left-medium:1.92%;--awb-width-small:100%;--awb-order-small:0;--awb-spacing-right-small:1.92%;--awb-spacing-left-small:1.92%;\"><div class=\"fusion-column-wrapper fusion-column-has-shadow fusion-flex-justify-content-flex-start fusion-content-layout-column\"><div class=\"fusion-text fusion-text-1\"><h1>Privacidade e seguran\u00e7a<\/h1>\n<p>N\u00f3s da Eagle temos compromisso com a privacidade e a seguran\u00e7a de nossos clientes durante todo o processo de navega\u00e7\u00e3o e cadastramento em nosso site. O respeito ao sigilo de suas informa\u00e7\u00f5es \u00e9 muito importante para n\u00f3s, Por isso, nossa Pol\u00edtica de Privacidade tem o objetivo de esclarecer o uso das informa\u00e7\u00f5es coletamos sobre voc\u00ea, sejam as coletadas diretamente no site www.eagle.com.br, sejam as armazenadas em nossa base de dados eletr\u00f4nicos por outros meios de coleta, tais como cadastros preenchidos em meio eletr\u00f4nico, consultas ao servi\u00e7o de atendimento ao cliente ou redes sociais.<\/p>\n<h2>Utiliza\u00e7\u00e3o dos dados para melhorar sua experi\u00eancia<\/h2>\n<ul>\n<li>Envio de mensagens transacionais<\/li>\n<li>Pesquisas e estat\u00edsticas<\/li>\n<li>Personaliza\u00e7\u00e3o de p\u00e1ginas<\/li>\n<li>Informa\u00e7\u00f5es salvas em seu navegador para agilizar a sua navega\u00e7\u00e3o<\/li>\n<li>Campanhas promocionais e relacionamento<\/li>\n<li>Entrega de produtos<\/li>\n<li>Cumprir com obriga\u00e7\u00f5es legais<\/li>\n<\/ul>\n<h2>Compartilhamento das suas informa\u00e7\u00f5es<\/h2>\n<p>A Eagle poder\u00e1 transferir dados pessoais para os terceiros listados abaixo. A Eagle refor\u00e7a que a divulga\u00e7\u00e3o de qualquer informa\u00e7\u00e3o pessoal do usu\u00e1rio a terceiros, ser\u00e1 feita dentro dos limites legais estabelecidos na LGPD e demais legisla\u00e7\u00f5es aplic\u00e1veis ao tratamento realizado. Caso necess\u00e1rio, a Eagle obter\u00e1 a autoriza\u00e7\u00e3o do titular dos dados pessoais.<\/p>\n<ul>\n<li>Grupo Golden Guitar e suas marcas<\/li>\n<li>Trasportadoras<\/li>\n<li>Parceiros comerciais<\/li>\n<li>Parceiros de mrketing<\/li>\n<li>Prestadores de servi\u00e7os<\/li>\n<li>Autoridades<\/li>\n<\/ul>\n<h2>Prote\u00e7\u00e3o e seguran\u00e7a<\/h2>\n<p>Para garantir que suas informa\u00e7\u00f5es estejam seguras, os dados ficam armazenados em centros de dados (datacenters) que atendem todos os requisitos de seguran\u00e7a.<\/p>\n<h2>Direitos do usu\u00e1rio<\/h2>\n<p>Voc\u00ea pode solicitar seus direitos sempre que desejar atrav\u00e9s do contato pelo link <a href=\"https:\/\/eagle.com.br\/en_us\/fale-conosco\/\" target=\"_blank\" rel=\"noopener noreferrer\">Fale Conosco<\/a> ou telefone para atendimento. \u00c9 por meio destes canais que voc\u00ea pode solicitar o acesso a seus dados que s\u00e3o tratados em nossos ambientes, gerenciar seus consentimentos e at\u00e9 mesmo editar e excluir seus dados, assim como exercer todos os direitos garantidos a voc\u00ea pela Lei Geral de Prote\u00e7\u00e3o de Dados Pessoais (LGPD).<br \/>\n\u00c9 importante considerar que mesmo que voc\u00ea solicite a exclus\u00e3o de seus dados de nossas bases, n\u00f3s teremos que manter alguns dados para o cumprimento de obriga\u00e7\u00f5es legais e regulat\u00f3rias. Mas ao fim dos per\u00edodos determinados nas legisla\u00e7\u00f5es, n\u00f3s iremos exclu\u00ed-los.<\/p>\n<h2>Disposi\u00e7\u00f5es gerais<\/h2>\n<p><strong>Altera\u00e7\u00f5es na Pol\u00edtica de Privacidade<\/strong>: Poderemos alterar a Pol\u00edtica de Privacidade do sistema de tempos em tempos. O uso de informa\u00e7\u00f5es coletadas agora est\u00e1 sujeito \u00e0 Pol\u00edtica de Privacidade em vigor. Mudan\u00e7as na forma como utilizamos os dados pessoais, ser\u00e3o notificadas aos usu\u00e1rios atrav\u00e9s de an\u00fancio no website e, em caso de altera\u00e7\u00f5es substanciais, notificaremos mediante envio de e-mail ao usu\u00e1rio.<\/p>\n<p><strong>Aceita\u00e7\u00e3o t\u00e1cita:<\/strong> O uso cont\u00ednuo, pelo usu\u00e1rio, dos servi\u00e7os ap\u00f3s a data da entrada em vigor de qualquer altera\u00e7\u00e3o realizada e notificada previamente constitui sua aceita\u00e7\u00e3o da Pol\u00edtica de Privacidade alterada ou modificada. Por esta raz\u00e3o, solicitamos que os usu\u00e1rios a reverem esta Pol\u00edtica de Privacidade sempre que forem utilizar os servi\u00e7os.<\/p>\n<p><strong>Ajustes n\u00e3o notificados<\/strong>: Ajustes pontuais nesta Pol\u00edtica de Privacidade podem ocorrer sem afetar significativamente as formas em que tratamos as informa\u00e7\u00f5es coletadas, de forma que estes n\u00e3o precisar\u00e3o ser informados.<\/p>\n<p><strong>Resolu\u00e7\u00e3o de conflitos<\/strong>: Fica eleito o foro da cidade de S\u00e3o Paulo do Estado de S\u00e3o Paulo para dirimir quaisquer controv\u00e9rsias a respeito do presente documento.<\/p>\n<h2>Contato<\/h2>\n<p>Para fazer coment\u00e1rios e enviar perguntas sobre o nosso cumprimento da legisla\u00e7\u00e3o de privacidade aplic\u00e1vel, entre em contato atrav\u00e9s do link <a href=\"https:\/\/eagle.com.br\/en_us\/fale-conosco\/\" target=\"_blank\" rel=\"noopener noreferrer\">Fale Conosco<\/a>. Ap\u00f3s tomarmos conhecimento do assunto, responderemos suas perguntas e investigaremos quaisquer reclama\u00e7\u00f5es sobre a gest\u00e3o dos seus dados.<\/p>\n<\/div><\/div><\/div><\/div><\/div>","protected":false},"excerpt":{"rendered":"","protected":false},"author":7,"featured_media":0,"parent":9881,"menu_order":0,"comment_status":"closed","ping_status":"closed","template":"","meta":{"footnotes":""},"class_list":["post-10023","page","type-page","status-publish","hentry"],"_links":{"self":[{"href":"https:\/\/eagle.com.br\/en_us\/wp-json\/wp\/v2\/pages\/10023","targetHints":{"allow":["GET"]}}],"collection":[{"href":"https:\/\/eagle.com.br\/en_us\/wp-json\/wp\/v2\/pages"}],"about":[{"href":"https:\/\/eagle.com.br\/en_us\/wp-json\/wp\/v2\/types\/page"}],"author":[{"embeddable":true,"href":"https:\/\/eagle.com.br\/en_us\/wp-json\/wp\/v2\/users\/7"}],"replies":[{"embeddable":true,"href":"https:\/\/eagle.com.br\/en_us\/wp-json\/wp\/v2\/comments?post=10023"}],"version-history":[{"count":0,"href":"https:\/\/eagle.com.br\/en_us\/wp-json\/wp\/v2\/pages\/10023\/revisions"}],"up":[{"embeddable":true,"href":"https:\/\/eagle.com.br\/en_us\/wp-json\/wp\/v2\/pages\/9881"}],"wp:attachment":[{"href":"https:\/\/eagle.com.br\/en_us\/wp-json\/wp\/v2\/media?parent=10023"}],"curies":[{"name":"wp","href":"https:\/\/api.w.org\/{rel}","templated":true}]}}